{"id":8453,"date":"2021-02-17T16:27:00","date_gmt":"2021-02-17T03:27:00","guid":{"rendered":"https:\/\/grape-to-glass.com\/?page_id=8453"},"modified":"2023-01-24T13:44:57","modified_gmt":"2023-01-24T00:44:57","slug":"prego-wine-menu-pairing","status":"publish","type":"page","link":"https:\/\/grape-to-glass.com\/index.php\/prego-wine-menu-pairing\/","title":{"rendered":"PREGO Wine &#038; Menu Pairing:"},"content":{"rendered":"\n\t<p>Pairing wine with the PREGO menu:<\/p>\nTry to focus on pairing the strength of flavours, weight and intensity of the dish in question with the wine. Wine and food are meant for each other; each enhances and strengthens the experience of the whole, they bring out the best in each other.<br \/>\nConsider whether a dish is \u2018light\u2019 , &#8216;medium&#8217; or &#8216;heavy&#8217; in nature &#8211; in general, look to pair a crisp, lighter-style wine with a light dish, a medium-style wine to pair with a slightly fuller dish, and a full-bodied wine to go with and complement a richer, heavier more intensely flavoured dish &#8211; and so forth&#8230;<br \/>\nFactors to take into account &#8211; are you starting with shellfish or seafood cooked simply and served on their own or with a salad with a lemon dressing. They work well with wines that share a natural undertone of acidity (e.g. Sauvignon Blanc, Riesling or Pinot Grigio). Think about the key flavours in a dish the same way you think about the flavours in wine &#8211; as families of flavours.\n\t\t\t\t<img loading=\"lazy\" decoding=\"async\" src=\"https:\/\/grape-to-glass.com\/wp-content\/uploads\/2022\/11\/Prego-Bottle-Image-02.2.jpg\" alt=\"Prego-Bottle-Image-02.2\" itemprop=\"image\" height=\"550\" width=\"271\" title=\"Prego-Bottle-Image-02.2\"  \/>\n\t<h6>Jules Taylor<br \/>Sauvignon Blanc 2022<\/h6>\n<strong>Region:\u00a0<\/strong>Marlborough &#8211; NZ<br \/>\n<strong>Owner \/ Winemaker:<\/strong> Jules Taylor<br \/>\n A classic kiwi style &#8211; showcasing concentrated flavours of citrus fruits, with highlights of passionfruit, pineapple, along with lime &#038; lemon grass infusion. This wine has an animated character with a confident kiss of varietal acidity and a clean dry finish.<br \/>\n(13% Alc.\/vol. \u2022 Dry Style)<br \/>\n<strong>PREGO Menu:<\/strong> Vegan dishes, Calamari, Fish of the Day, Linguini alla Marinara Pasta.\n\t\t\t\t<img loading=\"lazy\" decoding=\"async\" src=\"https:\/\/grape-to-glass.com\/wp-content\/uploads\/2023\/01\/Prego-Bottle-Image-06.2.jpg\" alt=\"Prego-Bottle-Image-06.2\" itemprop=\"image\" height=\"550\" width=\"271\" title=\"Prego-Bottle-Image-06.2\"  \/>\n\t<h6>De Bortoli<br \/>\u2018Noble One\u2019 Botrytis Semillon &#8217;17<\/h6>\n<strong>Region:\u00a0<\/strong>Riverina &#8211; Australia<br \/>\n<strong>Owner \/ Winemaker:<\/strong> Darren De Bortoli <br \/>\n The nose grilled peaches coated in cinnamon and nougat aromas, with a note of wild honey. The palate is rich, complex, unctuous and has sweet peaches and spun sugar flavours are kept in check by the deft natural touch of fruit acidity giving a luxurious finish.<br \/>\n(12.7% Alc.\/vol. \u2022 Residual Sugar 173g\/L)<br \/>\n<strong>PREGO Menu:<\/strong> Blue Monkey, Cheeseboard, Dolce di Datteri, Cr\u00e8me Br\u00fbl\u00e9e, Pannacotta.\n\t\t\t\t<img loading=\"lazy\" decoding=\"async\" src=\"https:\/\/grape-to-glass.com\/wp-content\/uploads\/2022\/11\/Prego-Bottle-Image-03.2.jpg\" alt=\"Prego-Bottle-Image-03.2\" itemprop=\"image\" height=\"550\" width=\"271\" title=\"Prego-Bottle-Image-03.2\"  \/>\n\t<h6>Pasqua<br \/>\u201811 Minutes\u2019 Ros\u00e9 2021<\/h6>\n<strong>Region:\u00a0<\/strong>Veneto &#8211; Italy<br \/>\n<strong>Chief Winemaker:<\/strong> Giovanni Nordera<br \/>\nOn the palate, the soft touch in the winery has resulted in a vibrant expression of raspberries, pink-watermelon and pink-grapefruit flavours celebrating the wines natural fruit acidity &#038; minerality, resulting in a dynamic vibrant and refreshing clean dry finish.<br \/>\n(12.5% Alc.\/vol. \u2022 Dry Style)<br \/>\n<strong>PREGO Menu:<\/strong> Seared Tuna, King Salmon, Tagliatelle, Marinara Pasta &#038; Gamberi Pizza.\n\t\t\t\t<img loading=\"lazy\" decoding=\"async\" src=\"https:\/\/grape-to-glass.com\/wp-content\/uploads\/2022\/11\/Prego-Bottle-Image-04.2.jpg\" alt=\"Prego-Bottle-Image-04.2\" itemprop=\"image\" height=\"550\" width=\"271\" title=\"Prego-Bottle-Image-04.2\"  \/>\n\t<h6>Rockburn<br \/>\u2018Stolen Kiss\u2019 Ros\u00e9 2022<\/h6>\n<strong>Region:\u00a0<\/strong>Central Otago &#8211; NZ<br \/>\n<strong>Winemaker:<\/strong> Malcolm Rees-Francis<br \/>\nAs the name suggests the juice was \u2018stolen\u2019 from Pinot Noir used to make another wine. The engaging palate has strawberries, red cherries, peach skin, candy floss and floral nuances. The vibrant flavours are balanced by good acidity lending a vibrant lingering finish.<br \/>\n(13.5% Alc.\/vol. \u2022 Residual Sugar 9g\/L)<br \/>\n<strong>PREGO Menu:<\/strong> Seared Tuna, King Salmon, Tagliatelle, Marinara Pasta &#038; Gamberi Pizza.\n\t\t\t\t<img loading=\"lazy\" decoding=\"async\" src=\"https:\/\/grape-to-glass.com\/wp-content\/uploads\/2023\/01\/Prego-Bottle-Image-07.2.jpg\" alt=\"Prego-Bottle-Image-07.2\" itemprop=\"image\" height=\"550\" width=\"271\" title=\"Prego-Bottle-Image-07.2\"  \/>\n\t<h6>Taylor&#8217;s<br \/>\u201810 Year Old Tawny\u2019 Port<\/h6>\n<strong>Region:\u00a0<\/strong>Vila Nova de Gaia &#8211; Portugal<br \/>\n<strong>Head Winemaker:<\/strong> David Guimaraens<br \/>\nA tawny coloured wine with an amber rim. Rich and elegant aromas of ripe berry fruits with a delicate nuttiness and subtle mellow notes of chocolate, butterscotch and fine oak wood. Smooth and silky on the palate and a long finish. <br \/>\n(20% Alc. \u2022 R.S. 105g\/L \u2022 Serve 12\u00b0- 14\u00b0C)<br \/>\n<strong>PREGO Menu:<\/strong> Black Truffle Manchego, Semifreddo, Tiramis\u00f9.\n\t\t\t\t<img loading=\"lazy\" decoding=\"async\" src=\"https:\/\/grape-to-glass.com\/wp-content\/uploads\/2023\/01\/Prego-Bottle-Image-05.2.jpg\" alt=\"Prego-Bottle-Image-05.2\" itemprop=\"image\" height=\"550\" width=\"271\" title=\"Prego-Bottle-Image-05.2\"  \/>\n\t<h6>Valdespino<br \/>\u2018El Candado\u2019 Pedro Xim\u00e9nez<\/h6>\n<strong>Region:\u00a0<\/strong>Jerez &#8211; Spain<br \/>\n<strong>Head Winemaker:<\/strong> Eduardo Ojeda<br \/>\nThe grapes are left in the sunshine at least two weeks. Intense mahogany &#8211; full of dried flavours of raisins, figs, molasses, nuts, chocolate and very elegant sweet notes. The palate is complex, rich, smooth with a long aftertaste. *(Oak aged for 10 &#8211; 12 years)<br \/>\n(18% Alc. \u2022 R.S. 405g\/L \u2022 Serve 8\u00b0- 9\u00b0C)<br \/>\n<strong>PREGO Menu:<\/strong> Black Truffle Manchego, Semifreddo, Tiramis\u00f9.\n<h3>\n\t\tLinks to more wine &#038; food pairing examples&#8230;\n\t<\/h3>\n\t\t\t\t<a href=\"https:\/\/grape-to-glass.com\/index.php\/wine-seafood\/\" target=\"_self\" itemprop=\"url\" rel=\"noopener\">\n\t\t\t\t<img loading=\"lazy\" decoding=\"async\" src=\"https:\/\/grape-to-glass.com\/wp-content\/uploads\/2021\/09\/Wine-Seafood-Sml-Banner-01.jpg\" alt=\"Wine-Seafood-Sml-Banner-01\" itemprop=\"image\" height=\"304\" width=\"600\" title=\"Wine-Seafood-Sml-Banner-01\"  \/>\n\t\t\t\t<\/a>\n\t\t\t\t<a href=\"https:\/\/grape-to-glass.com\/index.php\/wine-pizza\/\" target=\"_self\" itemprop=\"url\" rel=\"noopener\">\n\t\t\t\t<img loading=\"lazy\" decoding=\"async\" src=\"https:\/\/grape-to-glass.com\/wp-content\/uploads\/2021\/09\/Wine-Pizza-Sml-Banner-01.jpg\" alt=\"Wine-Pizza-Sml-Banner-01\" itemprop=\"image\" height=\"304\" width=\"600\" title=\"Wine-Pizza-Sml-Banner-01\"  \/>\n\t\t\t\t<\/a>\n\t\t\t\t<a href=\"https:\/\/grape-to-glass.com\/index.php\/wine-meat-cuisine\/\" target=\"_self\" itemprop=\"url\" rel=\"noopener\">\n\t\t\t\t<img loading=\"lazy\" decoding=\"async\" src=\"https:\/\/grape-to-glass.com\/wp-content\/uploads\/2021\/09\/Wine-Meat-Sml-Banner-01.jpg\" alt=\"Wine-Meat-Sml-Banner-01\" itemprop=\"image\" height=\"304\" width=\"600\" title=\"Wine-Meat-Sml-Banner-01\"  \/>\n\t\t\t\t<\/a>\n","protected":false},"excerpt":{"rendered":"","protected":false},"author":1,"featured_media":8448,"parent":0,"menu_order":0,"comment_status":"closed","ping_status":"closed","template":"","meta":{"footnotes":""},"class_list":["post-8453","page","type-page","status-publish","has-post-thumbnail","hentry","entry"],"_links":{"self":[{"href":"https:\/\/grape-to-glass.com\/index.php\/wp-json\/wp\/v2\/pages\/8453","targetHints":{"allow":["GET"]}}],"collection":[{"href":"https:\/\/grape-to-glass.com\/index.php\/wp-json\/wp\/v2\/pages"}],"about":[{"href":"https:\/\/grape-to-glass.com\/index.php\/wp-json\/wp\/v2\/types\/page"}],"author":[{"embeddable":true,"href":"https:\/\/grape-to-glass.com\/index.php\/wp-json\/wp\/v2\/users\/1"}],"replies":[{"embeddable":true,"href":"https:\/\/grape-to-glass.com\/index.php\/wp-json\/wp\/v2\/comments?post=8453"}],"version-history":[{"count":29,"href":"https:\/\/grape-to-glass.com\/index.php\/wp-json\/wp\/v2\/pages\/8453\/revisions"}],"predecessor-version":[{"id":8777,"href":"https:\/\/grape-to-glass.com\/index.php\/wp-json\/wp\/v2\/pages\/8453\/revisions\/8777"}],"wp:featuredmedia":[{"embeddable":true,"href":"https:\/\/grape-to-glass.com\/index.php\/wp-json\/wp\/v2\/media\/8448"}],"wp:attachment":[{"href":"https:\/\/grape-to-glass.com\/index.php\/wp-json\/wp\/v2\/media?parent=8453"}],"curies":[{"name":"wp","href":"https:\/\/api.w.org\/{rel}","templated":true}]}}