{"id":7994,"date":"2022-10-01T08:00:00","date_gmt":"2022-09-30T19:00:00","guid":{"rendered":"https:\/\/grape-to-glass.com\/?page_id=7994"},"modified":"2022-10-01T08:14:26","modified_gmt":"2022-09-30T19:14:26","slug":"kiwi-rose-summer","status":"publish","type":"page","link":"https:\/\/grape-to-glass.com\/index.php\/kiwi-rose-summer\/","title":{"rendered":"Kiwi summer in a glass"},"content":{"rendered":"\n<h3>As the seasons change, why not try something different:  1 October 2022.<\/h3>\nAll of these vibrant &#038; dynamic ros\u00e9 wines are ready to sip, savour &#038; share. Some of these brands and ros\u00e9 wine styles might be new to some readers. But the following selection of engaging ros\u00e9 wines &#8211; are an ideal pairing with varied summer occasions and cuisine. Here are a few brief words to describe my first impressions and the essence of each wine. A diverse range of enjoyable now ros\u00e9 wine expressions that are worth sharing.<br \/>\nRemember &#8211; &#8216;when &#038; where possible, all wines tastes better when served from the appropriate glass and at the ideal temperature\u2019.\n\t\t\t\t<img loading=\"lazy\" decoding=\"async\" src=\"https:\/\/grape-to-glass.com\/wp-content\/uploads\/2022\/09\/NZ-Rose-Bottle-0922-01.png\" alt=\"NZ-Rose-Bottle-0922-01\" itemprop=\"image\" height=\"550\" width=\"212\" title=\"NZ-Rose-Bottle-0922-01\"  \/>\n\t<h6>ALLAN SCOTT  <br \/> Ros\u00e9 2022<\/h6>\n<strong>Region:\u00a0<\/strong>Marlborough &#8211; NZ<br \/>\n<strong>Senior Winemaker:<\/strong> Bruce Abbott<br \/>\nCrafted from 100% Pinot Noir. This ros\u00e9 has lifted aromas of strawberries, raspberries and coastal floral notes. The vibrant palate has a good kiss of fruit acidity keeping the wine elevated and bright, leading to a lingering and refreshing sorbet finish.<br \/>\n\u2022 (12.5% Alc.\/vol. &#8211; Residual Sugar 12g\/L)\n\u2022 Chill gently &#038; serve around 8\u00b0- 9\u00b0C<br \/>\n*<strong>Retail &#8211; NZ$24.99 :  Easy Drinking <\/strong>\n\t\t\t\t<img loading=\"lazy\" decoding=\"async\" src=\"https:\/\/grape-to-glass.com\/wp-content\/uploads\/2022\/09\/NZ-Rose-Bottle-0922-03.png\" alt=\"NZ-Rose-Bottle-0922-03\" itemprop=\"image\" height=\"550\" width=\"212\" title=\"NZ-Rose-Bottle-0922-03\"  \/>\n\t<h6>JULES TAYLOR  <br \/> \u2018The Jules\u2019 Ros\u00e9 2022<\/h6>\n<strong>Growing Region:\u00a0<\/strong>Gisborne &#8211; NZ<br \/>\n<strong>Owner \/ Winemaker:<\/strong> Jules Taylor<br \/>\nCrafted from 100% Merlot &#8211; this ros\u00e9 is packed with dynamic raspberry and cranberry flavours combined with just a touch of minerality. Elevated engaging fruit acidity and a clean dry finish. Making it an ideal summer sipper, you will be reaching for another glass.<br \/>\n\u2022 (13% Alc.\/vol. &#8211; R.S. 2.4g\/L)\n\u2022 Chill gently &#038; serve around 8\u00b0- 9\u00b0C<br \/>\n*<strong>Retail &#8211; NZ$27.99 :  4 Stars <\/strong>\n\t\t\t\t<img loading=\"lazy\" decoding=\"async\" src=\"https:\/\/grape-to-glass.com\/wp-content\/uploads\/2022\/09\/NZ-Rose-Bottle-0922-04.png\" alt=\"NZ-Rose-Bottle-0922-04\" itemprop=\"image\" height=\"550\" width=\"212\" title=\"NZ-Rose-Bottle-0922-04\"  \/>\n\t<h6>MATAWHERO  <br \/> &#8216;S.V.&#8217; Pinot Ros\u00e9 2022<\/h6>\n<strong>Region:\u00a0<\/strong>Gisborne &#8211; NZ<br \/>\n<strong>Owner \/ Director:<\/strong> Kirsten Searle<br \/>\nThis ros\u00e9 is from a single vineyard &#038; drawn-off from Pinot Noir. Inviting aromas of strawberries and watermelon with subtle floral notes. The vibrant palate is showcasing those strawberries, watermelon and a subtle grapefruit character with a bright dry finish.<br \/>\n\u2022 (12.5% Alc.\/vol. &#8211; R.S. <1g\/L)\n\u2022 Chill gently &#038; serve around 8\u00b0- 9\u00b0C<br \/>\n*<strong>Retail &#8211; NZ$26.99 :  4 Stars <\/strong>\n\t\t\t\t<img loading=\"lazy\" decoding=\"async\" src=\"https:\/\/grape-to-glass.com\/wp-content\/uploads\/2022\/09\/NZ-Rose-Bottle-0922-07.png\" alt=\"NZ-Rose-Bottle-0922-07\" itemprop=\"image\" height=\"550\" width=\"212\" title=\"NZ-Rose-Bottle-0922-07\"  \/>\n\t<h6>ROCKBURN  <br \/> \u2018Stolen Kiss\u2019 Ros\u00e9 2022<\/h6>\n<strong>Region:\u00a0<\/strong>Central Otago &#8211; NZ<br \/>\n<strong>Chief Winemaker:<\/strong> Malcolm Rees-Francis<br \/>\nAs the name suggests the juice was \u2018stolen\u2019 from Pinot Noir used to make another wine. The engaging palate has strawberries, red cherries, peach skin, candy floss and floral nuances. The vibrant flavours are balanced by good acidity lending a vibrant lingering finish.<br \/>\n\u2022 (13.5% Alc.\/vol. &#8211; R.S. 9g\/L)\n\u2022 Chill gently &#038; serve around 8\u00b0- 9\u00b0C<br \/>\n*<strong>Retail &#8211; NZ$32.99 :  4 Stars <\/strong>\n\t\t\t\t<img loading=\"lazy\" decoding=\"async\" src=\"https:\/\/grape-to-glass.com\/wp-content\/uploads\/2022\/09\/NZ-Rose-Bottle-0922-05.png\" alt=\"NZ-Rose-Bottle-0922-05\" itemprop=\"image\" height=\"550\" width=\"212\" title=\"NZ-Rose-Bottle-0922-05\"  \/>\n\t<h6>RUA  <br \/> Pinot Ros\u00e9 2022<\/h6>\n<strong>Region:\u00a0<\/strong>Central Otago &#8211; NZ<br \/>\n<strong>Chief Winemaker:<\/strong> Andrew Keenleyside<br \/>\n100% Pinot Noir fruit from Bannockburn &#038; Pisa regions. Inviting aromas of strawberries, red cherries and wild florals. The engaging palate showcases fresh strawberries, cranberries, tart cherries along with a mineral seam, citrus acidity and a refreshing upbeat finish.<br \/>\n\u2022 (13.7% Alc.\/vol. &#8211; R.S. 4.4g\/L)\n\u2022 Chill gently &#038; serve around 8\u00b0- 9\u00b0C<br \/>\n*<strong>Retail &#8211; NZ$29.99 :  4 Stars <\/strong>\n\t\t\t\t<img loading=\"lazy\" decoding=\"async\" src=\"https:\/\/grape-to-glass.com\/wp-content\/uploads\/2022\/09\/NZ-Rose-Bottle-0922-06.png\" alt=\"NZ-Rose-Bottle-0922-06\" itemprop=\"image\" height=\"550\" width=\"212\" title=\"NZ-Rose-Bottle-0922-06\"  \/>\n\t<h6>TRINITY HILL  <br \/> \u2018Molly&#8217;s Block\u2019 Ros\u00e9 2021<\/h6>\n<strong>Region:\u00a0<\/strong>Hawke&#8217;s Bay &#8211; NZ<br \/>\n<strong>Chief Winemaker:<\/strong> Warren Gibson<br \/>\nCrafted from 100% Syrah. Inviting aromas of freshly cut watermelon, pink grapefruit and a mild note of lemon that leads on to a nicely weighted and balanced palate, defined by those elevated fruit flavours, a good mineral seam and a refreshingly clean dry finish.<br \/>\n\u2022 (13% Alc.\/vol. &#8211; R.S. <1g\/L)\n\u2022 Chill gently &#038; serve around 8\u00b0- 9\u00b0C<br \/>\n*<strong>Retail &#8211; NZ$39.99 :  4\u00bd Stars <\/strong>\n\t*These local Kiwi Ros\u00e9 wines are sold at selected Fine Wine Retailers \u2022 Restaurants \u2022 Wine Bars &#038; the Winery Website. <br \/>\n*(Please note the prices shown can vary and the availability of these reviewed wines can change quickly) \n<p> <\/p>\n\t\t<h3>more wine reviews<\/h3>\n\t\t\t<a href=\"https:\/\/grape-to-glass.com\/index.php\/recent-wine-articles\/\" target=\"_self\" role=\"button\" rel=\"noopener\">\n\t\t\t<\/a>\n","protected":false},"excerpt":{"rendered":"","protected":false},"author":1,"featured_media":7987,"parent":0,"menu_order":0,"comment_status":"closed","ping_status":"closed","template":"","meta":{"footnotes":""},"class_list":["post-7994","page","type-page","status-publish","has-post-thumbnail","hentry","entry"],"_links":{"self":[{"href":"https:\/\/grape-to-glass.com\/index.php\/wp-json\/wp\/v2\/pages\/7994","targetHints":{"allow":["GET"]}}],"collection":[{"href":"https:\/\/grape-to-glass.com\/index.php\/wp-json\/wp\/v2\/pages"}],"about":[{"href":"https:\/\/grape-to-glass.com\/index.php\/wp-json\/wp\/v2\/types\/page"}],"author":[{"embeddable":true,"href":"https:\/\/grape-to-glass.com\/index.php\/wp-json\/wp\/v2\/users\/1"}],"replies":[{"embeddable":true,"href":"https:\/\/grape-to-glass.com\/index.php\/wp-json\/wp\/v2\/comments?post=7994"}],"version-history":[{"count":18,"href":"https:\/\/grape-to-glass.com\/index.php\/wp-json\/wp\/v2\/pages\/7994\/revisions"}],"predecessor-version":[{"id":8013,"href":"https:\/\/grape-to-glass.com\/index.php\/wp-json\/wp\/v2\/pages\/7994\/revisions\/8013"}],"wp:featuredmedia":[{"embeddable":true,"href":"https:\/\/grape-to-glass.com\/index.php\/wp-json\/wp\/v2\/media\/7987"}],"wp:attachment":[{"href":"https:\/\/grape-to-glass.com\/index.php\/wp-json\/wp\/v2\/media?parent=7994"}],"curies":[{"name":"wp","href":"https:\/\/api.w.org\/{rel}","templated":true}]}}