{"id":6199,"date":"2021-10-24T10:00:15","date_gmt":"2021-10-23T21:00:15","guid":{"rendered":"https:\/\/grape-to-glass.com\/?page_id=6199"},"modified":"2022-09-08T16:42:21","modified_gmt":"2022-09-08T04:42:21","slug":"eisch-sensisplus-effect","status":"publish","type":"page","link":"https:\/\/grape-to-glass.com\/index.php\/eisch-sensisplus-effect\/","title":{"rendered":"The &#8216;SensisPlus&#8217; effect"},"content":{"rendered":"\n\tEisch \u2018<strong>SENSIS<\/strong>PLUS\u2019 wine glasses elevate the enjoyment of wine to a new level. I am confident you will enjoy the experience and be surprised by the effect on all wine. Wine poured into a \u2018<strong>SENSIS<\/strong>Plus\u2019 glass seem more harmonious, showcase their true character, present better balance and greater elegance. The following wine glasses are part of the Eisch <strong>&#8216;SUPERIOR&#8217;<\/strong> &#038; <strong>&#8216;SKY&#8217; <\/strong>Range. The &#8216;<strong>SENSIS<\/strong>Plus&#8217; range are in my opinion &#8211; \u201c&#8230;<em>the most expressive wine glasses in the world<\/em>.\u201d\n\t\t\t\t<img loading=\"lazy\" decoding=\"async\" src=\"https:\/\/grape-to-glass.com\/wp-content\/uploads\/2021\/10\/Eisch-Superior-Flute-Glass01.jpg\" alt=\"Eisch-Superior-Flute-Glass01\" itemprop=\"image\" height=\"650\" width=\"396\" title=\"Eisch-Superior-Flute-Glass01\"  \/>\n\t<h6>Eisch &#8211; CHAMPAGNE:<\/h6>\n<strong>Machine Made: <\/strong>Lead Free, Pulled-Stem.<br \/>\n<strong>Recommended for:<br \/>\n<\/strong>Prosecco DOCG, Cr\u00e9mant, Cava, Quality Methodes, Franciacorta DOCG, along with classic Champagne &#8211; *(Non Vintage styles, Blanc-de-Blancs, &#038; Sparkling Ros\u00e9).<br \/>\n\u2022 Hand-wash or you can also Machine-wash, though please note only use the rinse cycle.\n\u2022 Serve Champagne at 8\u00b0- 10\u00b0C<br \/>\n\u2022 Serve Prosecco at 7\u00b0- 8\u00b0C\n*NZ$45 &#8211; $50 each &#8211;\u00a0(sold in 2-packs)<br \/>\n*(Available Online &#038; Selected Retailers)\n\t\t\t\t<img loading=\"lazy\" decoding=\"async\" src=\"https:\/\/grape-to-glass.com\/wp-content\/uploads\/2021\/10\/Eisch-SKY-Flute-Glass01.jpg\" alt=\"Eisch-SKY-Flute-Glass01\" itemprop=\"image\" height=\"650\" width=\"396\" title=\"Eisch-SKY-Flute-Glass01\"  \/>\n\t\t\t\t<img loading=\"lazy\" decoding=\"async\" src=\"https:\/\/grape-to-glass.com\/wp-content\/uploads\/2021\/10\/Eisch-Superior-Aromatic-Glass01.jpg\" alt=\"Eisch-Superior-Aromatic-Glass01\" itemprop=\"image\" height=\"650\" width=\"396\" title=\"Eisch-Superior-Aromatic-Glass01\"  \/>\n\t<h6>Eisch &#8211; AROMATIC:<\/h6>\n<strong>Machine Made: <\/strong>Lead Free, Pulled-Stem.<br \/>\n<strong>Recommended for:<br \/>\n<\/strong>Albari\u00f1o, Sauvignon Blanc, Riesling, Chenin Blanc, Pinot Grigio \/ Gris, Gew\u00fcrztraminer, Gr\u00fcner Veltliner, Unoaked Chardonnay, Vernaccia &amp; <strong>Ros\u00e9<\/strong>\u00a0wines,\u00a0 <em>plus<\/em> Complex &#8216;Vintage&#8217; Champagne &#8211; <em>*(un-oaked wines)<\/em>.<br \/>\n\u2022 Hand-wash or you can also Machine-wash, though please note only use the rinse cycle.\n<p>\u2022 Serve Aromatic Wines at 8\u00b0- 9\u00b0C<\/p>\n*NZ$45 &#8211; $50 each &#8211;\u00a0(sold in 2-packs)<br \/>\n*(Available Online &#038; Selected Retailers)\n\t\t\t\t<img loading=\"lazy\" decoding=\"async\" src=\"https:\/\/grape-to-glass.com\/wp-content\/uploads\/2021\/10\/Eisch-SKY-Aromatic-Glass01.jpg\" alt=\"Eisch-SKY-Aromatic-Glass01\" itemprop=\"image\" height=\"650\" width=\"396\" title=\"Eisch-SKY-Aromatic-Glass01\"  \/>\n\t\t\t\t<img loading=\"lazy\" decoding=\"async\" src=\"https:\/\/grape-to-glass.com\/wp-content\/uploads\/2021\/10\/Eisch-Superior-Burgundy-Glass01.jpg\" alt=\"Eisch-Superior-Burgundy-Glass01\" itemprop=\"image\" height=\"650\" width=\"396\" title=\"Eisch-Superior-Burgundy-Glass01\"  \/>\n\t<h6>Eisch &#8211; BURGUNDY:<\/h6>\n<p><font face=\"Arial\"><\/p>\n<strong>Machine Made: <\/strong>Lead Free, Pulled-Stem.<br \/>\n<strong>Recommended for:<br \/>\n<\/strong>Quality Oak-aged &#038; Barrel Fermented styles of Chardonnay *(white wines with a good amount of oak). Along with Medium to Fuller-Style Pinot Noir expressions with or without oak.<br \/>\n\u2022 Hand-wash or you can also Machine-wash, though please note only use the rinse cycle.\n\u2022 Serve Oaked Chardonnay at 8\u00b0- 11\u00b0C<br \/>\n\u2022 Serve quality Pinot Noir at 15\u00b0- 17\u00b0C\n*NZ$50 &#8211; $55 each &#8211;\u00a0(sold in 2-packs)<br \/>\n*(Available Online &#038; Selected Retailers)\n\t\t\t\t<img loading=\"lazy\" decoding=\"async\" src=\"https:\/\/grape-to-glass.com\/wp-content\/uploads\/2021\/10\/Eisch-SKY-Burgundy-Glass01.jpg\" alt=\"Eisch-SKY-Burgundy-Glass01\" itemprop=\"image\" height=\"650\" width=\"396\" title=\"Eisch-SKY-Burgundy-Glass01\"  \/>\n\t\t\t\t<img loading=\"lazy\" decoding=\"async\" src=\"https:\/\/grape-to-glass.com\/wp-content\/uploads\/2021\/10\/Eisch-Superior-Bordeaux-Glass01.jpg\" alt=\"Eisch-Superior-Bordeaux-Glass01\" itemprop=\"image\" height=\"650\" width=\"396\" title=\"Eisch-Superior-Bordeaux-Glass01\"  \/>\n\t<h6>Eisch &#8211; BORDEAUX:<\/h6>\n<p><font face=\"Arial\"><\/p>\n<strong>Machine Made: <\/strong>Lead Free, Pulled-Stem.<br \/>\n<strong>Recommended for:<br \/>\n<\/strong>Cabernet Sauvignon, Cabernet-Franc, Chianti Classico DOCG, a generous Syrah &amp; Shiraz, Barolo, Brunello di Montalcino &#038; <em>more<\/em> &#8211; red wines with broad tannins &#038; supportive oak.\n\u2022 Hand-wash or you can also Machine-wash, though please note only use the rinse cycle.\n<p>\u2022 Serve &#8216;Bold, Full-Bodied&#8217;\u00a0Reds at 16\u00b0- 18\u00b0C<\/p>\n*NZ$50 &#8211; $55 each &#8211; (sold in 2-packs)<br \/>\n*(Available Online &#038; Selected Retailers)\n\t\t\t\t<img loading=\"lazy\" decoding=\"async\" src=\"https:\/\/grape-to-glass.com\/wp-content\/uploads\/2021\/10\/Eisch-SKY-Bordeaux-Glass01.jpg\" alt=\"Eisch-SKY-Bordeaux-Glass01\" itemprop=\"image\" height=\"650\" width=\"396\" title=\"Eisch-SKY-Bordeaux-Glass01\"  \/>\n\t\t\t\t<img loading=\"lazy\" decoding=\"async\" src=\"https:\/\/grape-to-glass.com\/wp-content\/uploads\/2021\/10\/Eisch-Strip-Image01.jpg\" alt=\"Eisch-Strip-Image01\" itemprop=\"image\" height=\"507\" width=\"1400\" title=\"Eisch-Strip-Image01\"  \/>\n\tEisch glasses are as functional as they are beautiful, thanks to over 300 years of experience in glassmaking. Over the past 5 decades, wine glass development was focused on finding the ideal shape that brings out grape varietal characteristics.<br \/>\nThis has resulted in great success and has given wine enthusiasts a wide variety of glass shapes and sizes to enjoy quality wines. Though this focus did not always take into account the different terroir, clone variations, winemaking choices, youthful tannins, riper fruit, higher alcohol levels, early drinking and just released wines.<br \/>\nWine poured into an Eisch \u2018<strong>Sensis<\/strong>Plus\u2019 wine glass become; smoother, more rounded, more harmonious, more clarity and definition to any complexity, better integration of fruit and oak and simply taste more balanced in just minutes.\nThrough a completely natural process, the original typicity, character and structure of the wine is preserved, while its aroma and flavours become more expressive and generous. After six years of research and testing by their craftsman at Eisch, the \u2018<strong>Sensis<\/strong>Plus\u2019 wine glass was created by changing the inside surface of the glass. At the end of the production process, the lead-free crystal wine glasses undergo an oxygenative process that actually changes the structure of the glass surface, allowing it to better aerate your wine.<br \/>\nThe process results in a kind of dimpling effect *(like a golf-ball) on the inside surface of the bowl, which increases the surface tension of wine on the glass. Then with a gentle swirling motion this fully aerates the wine, sending more expressive aromatic compounds airborne &#8211;<em> (this is the simple version)<\/em>.\nMachine made in Germany, each glass is produced as a one piece glass. They are<em>\u00a0\u2018Lead-Free Crystal\u2019<\/em>\u00a0<font face=\"Arial\">with the <em>\u2018Pulled-Stem Technology\u2019<\/em> <font face=\"Arial\">for added strength. The process is not a coating or a chemical treatment; so the effect will not wash or wear off.<br \/>\n<font face=\"Arial\">This new technology allows your wine to unfold and open up its bouquet and hidden flavours more easily. With the Eisch \u2018<strong>Sensis<\/strong>Plus\u2019 wine glass you can dive even deeper into the world of aromas and flavours of wine &#8211; and also into each wines own story. From fruit driven and mineral notes to the spicy layers of oak and subtle vintage, vineyard nuances and winemaking choices will be shown. Each Eisch \u2018<strong>Sensis<\/strong>Plus\u2019 wine glass has the Eisch \u2018<strong>SENSIS<\/strong>Plus\u2019 Logo\u2122 etched on the base for authenticity.\nGet some friends together and a bottle of your favourite, Cabernet Sauvignon, Shiraz, even a young oaked Chardonnay or anything you can\u2019t wait to open. Select the respective \u2018<strong>Sensis<\/strong>Plus\u2019 glass for the wine style; and any standard shape and sized wine glass *(pour the same amount of wine into both).\u00a0The \u2018<strong>Sensis<\/strong>Plus\u2019 wine glass elevates the enjoyment of wine to a new level.\u00a0I am confident you will smell and taste the difference, plus you will enjoy your wine more from an Eisch \u2018<strong>Sensis<\/strong>Plus\u2019 glass.\n<p><center><em>In my opinion &#8211; Eisch <\/em> \u2018<strong>SENSIS<\/strong>PLUS\u2019 <em>stemware are the most expressive wine glasses in the world.<\/em><\/center> <\/p>\n\t<meta itemprop=\"url\" content=\"https:\/\/grape-to-glass.com\/wp-content\/uploads\/2021\/10\/SensisPlus-English-03.mp4\" \/><meta itemprop=\"thumbnail\" content=\"https:\/\/grape-to-glass.com\/wp-content\/uploads\/2021\/10\/Eisch-Video-Cover-04.jpg\" \/><div style=\"width: 100px;\" class=\"wp-video\"><video class=\"wp-video-shortcode\" id=\"video-6199-1\" width=\"100\" height=\"100\" poster=\"https:\/\/grape-to-glass.com\/wp-content\/uploads\/2021\/10\/Eisch-Video-Cover-04.jpg\" preload=\"none\" controls=\"controls\"><source type=\"video\/mp4\" src=\"https:\/\/grape-to-glass.com\/wp-content\/uploads\/2021\/10\/SensisPlus-English-03.mp4?_=1\" \/><a href=\"https:\/\/grape-to-glass.com\/wp-content\/uploads\/2021\/10\/SensisPlus-English-03.mp4\">https:\/\/grape-to-glass.com\/wp-content\/uploads\/2021\/10\/SensisPlus-English-03.mp4<\/a><\/video><\/div>\n<h3>\n\t\tThe Eisch &#8216;2-Minute&#8217; Comparison Tasting\n\t<\/h3>\n\t\t\t<a href=\"https:\/\/grape-to-glass.com\/index.php\/wine-glass-insights\/\" target=\"_self\" role=\"button\" rel=\"noopener\">\n\t\t\t<\/a>\n","protected":false},"excerpt":{"rendered":"","protected":false},"author":1,"featured_media":6187,"parent":0,"menu_order":0,"comment_status":"closed","ping_status":"closed","template":"","meta":{"footnotes":""},"class_list":["post-6199","page","type-page","status-publish","has-post-thumbnail","hentry","entry"],"_links":{"self":[{"href":"https:\/\/grape-to-glass.com\/index.php\/wp-json\/wp\/v2\/pages\/6199","targetHints":{"allow":["GET"]}}],"collection":[{"href":"https:\/\/grape-to-glass.com\/index.php\/wp-json\/wp\/v2\/pages"}],"about":[{"href":"https:\/\/grape-to-glass.com\/index.php\/wp-json\/wp\/v2\/types\/page"}],"author":[{"embeddable":true,"href":"https:\/\/grape-to-glass.com\/index.php\/wp-json\/wp\/v2\/users\/1"}],"replies":[{"embeddable":true,"href":"https:\/\/grape-to-glass.com\/index.php\/wp-json\/wp\/v2\/comments?post=6199"}],"version-history":[{"count":40,"href":"https:\/\/grape-to-glass.com\/index.php\/wp-json\/wp\/v2\/pages\/6199\/revisions"}],"predecessor-version":[{"id":7605,"href":"https:\/\/grape-to-glass.com\/index.php\/wp-json\/wp\/v2\/pages\/6199\/revisions\/7605"}],"wp:featuredmedia":[{"embeddable":true,"href":"https:\/\/grape-to-glass.com\/index.php\/wp-json\/wp\/v2\/media\/6187"}],"wp:attachment":[{"href":"https:\/\/grape-to-glass.com\/index.php\/wp-json\/wp\/v2\/media?parent=6199"}],"curies":[{"name":"wp","href":"https:\/\/api.w.org\/{rel}","templated":true}]}}