{"id":6015,"date":"2021-10-08T14:00:00","date_gmt":"2021-10-08T01:00:00","guid":{"rendered":"https:\/\/grape-to-glass.com\/?page_id=6015"},"modified":"2022-11-10T21:42:02","modified_gmt":"2022-11-10T08:42:02","slug":"drappier-rose-champagne","status":"publish","type":"page","link":"https:\/\/grape-to-glass.com\/index.php\/drappier-rose-champagne\/","title":{"rendered":"Ros\u00e9 Trio&#8230;"},"content":{"rendered":"\n\t<h3>Drappier Champagne:<\/h3>\nFounded in 1808 &#8211; the 100% family owned Champagne House of Drappier is in the diligent hands of Andr\u00e9, Michel, Charline, Hugo &#038; Antoine Drappier (the 6th, 7th &#038; 8th generations) in the town of Urville (south-east corner of the Champagne region) where you will find their vineyards and winery. They are a charming, humble and hardworking family who have recently added the 9th generation to the lineage with Charline having a son.<br \/>\nDrappier is one of the foremost producers in the region and highly respected for its low intervention, Pinot dominant Champagnes. They own 55 hectares of vineyards and use another 50 ha under contract with growers. The family passionately practice a sustainable and low intervention growing and winemaking ethos. They use the first pressing only, and then the wine is transferred by the use of gravity and then natural settling. A portion of their cuv\u00e9e are aged in oak, with minimal low levels of sulphites during all stages and typically no filtering. They are in pursuit of authenticity and typicity.\n\t\t\t\t<img loading=\"lazy\" decoding=\"async\" src=\"https:\/\/grape-to-glass.com\/wp-content\/uploads\/2021\/10\/Drappier-Rose-Focus-Bottle-02.png\" alt=\"Drappier-Rose-Focus-Bottle-02\" itemprop=\"image\" height=\"550\" width=\"212\" title=\"Drappier-Rose-Focus-Bottle-02\"  \/>\n\tDrappier \u2018Brut Nature\u2019 Ros\u00e9 NV<br \/>\n<strong>Grape Varietal:<\/strong> 100% Pinot Noir <br \/>\n<strong>Growing Region:<\/strong> C\u00f4te des Bar &#8211; Champagne <br \/>\n<strong>Owner \/ Chef de Cave:<\/strong> Michel Drappier <br \/>\n3\u00bd Stars \u2605\u2605\u2605\u2606\nCrafted using the saign\u00e9e method (a very short period of contact with the Pinot Noir skins), so you will be greeted by a pale orange, onion skin pink colour. This Brut Nature Ros\u00e9 is a cuv\u00e9e which will delight lovers of freshness, minerality and purity. Bone Dry &#8211; Zero Dosage (no sugar added). Like many really dry Champagnes, it needs a little age to soften and balance the lifted natural acidity.<br \/>\nOn the nose subtle notes of rose petals, red fruits, citrus, mandarin skin, and dried herbs. These carry onto the bright palate expressing red cherries, raspberries, almonds, white peaches and a light peppery note on a lively palate with a lean mineral seam on a clean dry finish. \n<p>\u2022 Chill gently &#038; serve between 8\u00b0- 10\u00b0C : 12% Alc. &#8211; Zero Dosage :  *Retail &#8211; NZ$94.99 <\/p>\n\t\t\t\t<img loading=\"lazy\" decoding=\"async\" src=\"https:\/\/grape-to-glass.com\/wp-content\/uploads\/2021\/10\/Drappier-Rose-Focus-Bottle-01.png\" alt=\"Drappier-Rose-Focus-Bottle-01\" itemprop=\"image\" height=\"550\" width=\"212\" title=\"Drappier-Rose-Focus-Bottle-01\"  \/>\n\tDrappier \u2018Ros\u00e9 de Saign\u00e9e\u2019 Brut NV<br \/>\n<strong>Grape Varietal:<\/strong> 100% Pinot Noir <br \/>\n<strong>Growing Region:<\/strong> C\u00f4te des Bar &#8211; Champagne <br \/>\n<strong>Owner \/ Chef de Cave:<\/strong> Michel Drappier <br \/>\n4 Stars \u2605\u2605\u2605\u2605\nDrappier are one of the rare Champagne Houses which produces a Ros\u00e9 Champagne by the Saign\u00e9e method (a very short period of skin contact to pick up delicate colour and flavours). As with many Ros\u00e9 Champagnes &#8211; typically a small amount (10 &#8211; 20%) of red wine is added to the cuv\u00e9e for colour and flavour before the second fermentation inside the bottle.<br \/>\nThis Drappier \u2018Saign\u00e9e\u2019 Ros\u00e9 is a well-structured style expressing both on the nose and palate vibrant and expressive ripe red summer fruits, violets and a dried spice detail. Receiving only a light dosage, the mouthfeel and clean finish is extremely bright. \n<p>\u2022 Chill gently &#038; serve between 8\u00b0- 10\u00b0C : 12% Alc. &#8211; Dosage 6g\/L  :  *Retail &#8211; NZ$84.99 <\/p>\n\t\t\t\t<img loading=\"lazy\" decoding=\"async\" src=\"https:\/\/grape-to-glass.com\/wp-content\/uploads\/2021\/10\/Drappier-Rose-Focus-Bottle-03.png\" alt=\"Drappier-Rose-Focus-Bottle-03\" itemprop=\"image\" height=\"550\" width=\"212\" title=\"Drappier-Rose-Focus-Bottle-03\"  \/>\n\tDrappier \u2018Grande Sendr\u00e9e\u2019 Ros\u00e9 Vintage 2010<br \/>\n<strong>Grape Varietals:<\/strong> 92% Pinot Noir &#038; 8% Chardonnay <br \/>\n<strong>Growing Region:<\/strong> C\u00f4te des Bar &#8211; Champagne <br \/>\n<strong>Owner \/ Chef de Cave:<\/strong> Michel Drappier <br \/>\n4\u00bd Stars \u2605\u2605\u2605\u2605\u2606\nThe Grande Sendr\u00e9e Ros\u00e9 takes its name from a parcel of land covered by ash (cendr\u00e9e in French) after a fire which ravaged Urville in 1836. A spelling error having slipped through in a new version of the land register, it is with an \u2018s\u2019 that this cuv\u00e9e is designated today. A reproduction of an 18th century bottle found in the Urville cellars is used and undergoes remuage (riddling) entirely by hand as it is aged for at least 6 years.<br \/>\nThe Pinot Noir brings a depth of character in a subtle manner and a splash of Chardonnay giving a touch of freshness to this articulate ros\u00e9. Inviting violet aromas that lead into broad flavours showcasing cranberries, raspberries and spice with a deft toasty nuance. The palate is engaging and a long confident finish. \n<p>\u2022 Chill gently &#038; serve between 9\u00b0- 11\u00b0C : 12% Alc. &#8211; Dosage 6g\/L  :  *Retail &#8211; NZ$179.99 <\/p>\n\t\t\t\t<img loading=\"lazy\" decoding=\"async\" src=\"https:\/\/grape-to-glass.com\/wp-content\/uploads\/2021\/10\/Drappier-Bottom-Banner-03.jpg\" alt=\"Drappier-Bottom-Banner-03\" itemprop=\"image\" height=\"450\" width=\"1400\" title=\"Drappier-Bottom-Banner-03\"  \/>\n\tThese artisan Champagnes are available from Fine Wine Retailers \u2022 Restaurants \u2022 Wine Bars &#038; Winery Website.<br \/> *(prices, vintages &#038; availability will vary by outlet &#038; country)\n<p> <\/p>\n<h3>\n\t\tRecent Drappier Champagne Reviews:\n\t<\/h3>\n\t\t\t\t<a href=\"https:\/\/grape-to-glass.com\/index.php\/drappier-carte-dor-brut\/\" target=\"_self\" itemprop=\"url\" rel=\"noopener\">\n\t\t\t\t<img loading=\"lazy\" decoding=\"async\" src=\"https:\/\/grape-to-glass.com\/wp-content\/uploads\/2021\/10\/Drappier-Carte-dOr-Sml-Banner-01.jpg\" alt=\"Drappier-Carte-dOr-Sml-Banner-01\" itemprop=\"image\" height=\"455\" width=\"900\" title=\"Drappier-Carte-dOr-Sml-Banner-01\"  \/>\n\t\t\t\t<\/a>\n\t\t\t\t<a href=\"https:\/\/grape-to-glass.com\/index.php\/drappier-cdg-nv-brut\/\" target=\"_self\" itemprop=\"url\" rel=\"noopener\">\n\t\t\t\t<img loading=\"lazy\" decoding=\"async\" src=\"https:\/\/grape-to-glass.com\/wp-content\/uploads\/2021\/10\/Drappier-CDG-NV-Sml-Banner-01.jpg\" alt=\"Drappier-CDG-NV-Sml-Banner-01\" itemprop=\"image\" height=\"455\" width=\"900\" title=\"Drappier-CDG-NV-Sml-Banner-01\"  \/>\n\t\t\t\t<\/a>\n","protected":false},"excerpt":{"rendered":"","protected":false},"author":1,"featured_media":6010,"parent":0,"menu_order":0,"comment_status":"closed","ping_status":"closed","template":"","meta":{"footnotes":""},"class_list":["post-6015","page","type-page","status-publish","has-post-thumbnail","hentry","entry"],"_links":{"self":[{"href":"https:\/\/grape-to-glass.com\/index.php\/wp-json\/wp\/v2\/pages\/6015","targetHints":{"allow":["GET"]}}],"collection":[{"href":"https:\/\/grape-to-glass.com\/index.php\/wp-json\/wp\/v2\/pages"}],"about":[{"href":"https:\/\/grape-to-glass.com\/index.php\/wp-json\/wp\/v2\/types\/page"}],"author":[{"embeddable":true,"href":"https:\/\/grape-to-glass.com\/index.php\/wp-json\/wp\/v2\/users\/1"}],"replies":[{"embeddable":true,"href":"https:\/\/grape-to-glass.com\/index.php\/wp-json\/wp\/v2\/comments?post=6015"}],"version-history":[{"count":25,"href":"https:\/\/grape-to-glass.com\/index.php\/wp-json\/wp\/v2\/pages\/6015\/revisions"}],"predecessor-version":[{"id":8208,"href":"https:\/\/grape-to-glass.com\/index.php\/wp-json\/wp\/v2\/pages\/6015\/revisions\/8208"}],"wp:featuredmedia":[{"embeddable":true,"href":"https:\/\/grape-to-glass.com\/index.php\/wp-json\/wp\/v2\/media\/6010"}],"wp:attachment":[{"href":"https:\/\/grape-to-glass.com\/index.php\/wp-json\/wp\/v2\/media?parent=6015"}],"curies":[{"name":"wp","href":"https:\/\/api.w.org\/{rel}","templated":true}]}}