{"id":2909,"date":"2018-08-13T09:30:36","date_gmt":"2018-08-12T21:30:36","guid":{"rendered":"https:\/\/grape-to-glass.com\/?page_id=2909"},"modified":"2023-11-09T20:14:35","modified_gmt":"2023-11-09T07:14:35","slug":"montes-purple-angel-carmenere-15","status":"publish","type":"page","link":"https:\/\/grape-to-glass.com\/index.php\/montes-purple-angel-carmenere-15\/","title":{"rendered":"This exceptional expression will never be forgotten"},"content":{"rendered":"\n\t<h3>Montes \u2018Purple Angel\u2019 Carmen\u00e8re 2015 <\/h3>\n<strong>Grape Varietals:<\/strong>  92% Carmen\u00e8re &#038; 8% Petit Verdot <br \/>\n<strong>Growing Region:<\/strong> D.O. Colchagua Valley &#8211; Chile \u00a0<br \/>\n<strong>Owner \/ Winemaker:<\/strong> Aurelio Montes <br \/>\n5 Stars \u2605\u2605\u2605\u2605\u2605\nThis 2015 Montes \u2018Purple Angel\u2019 is crafted from Carm\u00e9n\u00e8re &#8211; the once long-lost grape. Recently rediscovered (identified in 1994 to be precise) in Chile after thought to be extinct, from its original home in Bordeaux &#8211; France. This is a stunning expression showcasing the rich characters of Carm\u00e9n\u00e8re. In Chile many winemakers consider it their \u2018signature\u2019 grape varietal, and some even call it the \u2018Jurassic\u2019 grape &#8211; and has returned from the past.<br \/>\nThe 2015 growing season was relatively balanced in terms of fruit development of phenological ripeness. Enough rain during winter and temperatures were particularly high during summer. Grapes reached harvest without any problems and with well-balanced flavours.<br \/>\nThe vineyards selected for this \u2018Purple Angel\u2019 Carm\u00e9n\u00e8re are located in the Marchig\u00fce and Apalta sectors of the Colchagua Valley. The soils have granitic origins with varied clay content, and stones of fluvial and glacial origin, which reflects the tremendous diversity of soils in their vineyards. The Carm\u00e9n\u00e8re vineyards are preferably planted on the flatter zones of the region, where the soils are deeper and has moderate moisture retention. The vineyards are double guyot trained for a moderate yield cropping levels and producing fruit with ideal flavour development.<br \/>\nThe fruit parcels were harvest between the 7th &#8211; 15th May. After careful, respectful pressing and individual vinification. Once deemed ready by Aurelio, 100% of the components were then aged for approximately 18 months in new French oak barrels. After maturating and developing its complex layers and personality, so as to showcase the wines rich character &#8211; the wine only had moderate filtering retaining a nice texture and breath on the palate.\n<strong>\u2605 <\/strong>As you pour this wine into your glass, you will be greeted by an impressive deep purple-red colour and bright hue. On the nose you have elegance with inviting ripe red and black berries with an undercurrent of freshly dried spices. These then lead onto dark chocolate and mocha notes from time in French oak all combining perfectly showcasing the variety&#8217;s characteristic rich aromas.<br \/>\nAll this resulting in a wine with tremendous aromatic complexity and carrying these layers of delicious impressions onto the palate that is well structured and with ample tannins. The natural acidity from the Petit Verdot lends unique qualities to lift and give definition of these rustic characters. With the intensity and generosity of the fruit, naturally balanced acidity and supportive oak, you have all of the components for excellent tertiary development and exceptional aging potential. Don\u2019t be surprised by the wines elegant finish, which is very much in sync with its aromas &#8211; signing moments into your memory.\nThis 2015 Montes \u2018Purple Angel\u2019 Carmen\u00e8re has 15% Alc.\/vol. If opened in the next 18-24 months, I would encourage decanting of 35-45 minutes and serve in a large glass at 16\u00b0- 18\u00b0C.<br \/>\n\n <em>Carmen\u00e8re a once lost grape, but this exceptional expression will never be forgotten.<\/em>\n<p> <\/p>\n\nCELLARING POTENTIAL: *(Review 13\/8\/18) <br \/>\nDrinking with moderate decanting this season; plus, able to age well for another 12 &#8211; 15 years.<br \/>\n<br \/>\nFOOD PAIRING SUGGESTIONS:<br \/>\nPerfect wine pairing with prime red meats, seasoned lamb with a wine-jus, game dishes, rich well-seasoned pasta dishes, earthy vegetarian cuisine and p\u00e2t\u00e9 on toast &#8211; <em>enjoy<\/em>.\n<em>Always enjoy responsibly.<\/em>\n<p> <\/p>\n\t\t\t\t<img loading=\"lazy\" decoding=\"async\" src=\"https:\/\/grape-to-glass.com\/wp-content\/uploads\/2020\/06\/Montes-Alpha-Cabernet-17-Image-01.jpg\" alt=\"Montes-Alpha-Cabernet-17-Image-01\" itemprop=\"image\" height=\"450\" width=\"1000\" title=\"Montes-Alpha-Cabernet-17-Image-01\"  \/>\n\t\t\t\t<a href=\"https:\/\/grape-to-glass.com\/wp-content\/uploads\/2020\/11\/Montes-Purple-Angel-Carmenere-2015.pdf\" target=\"_blank\" rel=\"noopener\" itemprop=\"url\">\n\t\t\t\t<img loading=\"lazy\" decoding=\"async\" src=\"https:\/\/grape-to-glass.com\/wp-content\/uploads\/2021\/03\/PDF-Icon-03.jpg\" alt=\"PDF-Icon-03\" itemprop=\"image\" height=\"71\" width=\"280\" title=\"PDF-Icon-03\"  \/>\n\t\t\t\t<\/a>\n\t\t<h3>more wine reviews<\/h3>\n\t\t\t<a href=\"https:\/\/grape-to-glass.com\/index.php\/recent-wine-articles\/\" target=\"_self\" role=\"button\" rel=\"noopener\">\n\t\t\t<\/a>\n","protected":false},"excerpt":{"rendered":"","protected":false},"author":1,"featured_media":2908,"parent":0,"menu_order":0,"comment_status":"closed","ping_status":"closed","template":"","meta":{"footnotes":""},"class_list":["post-2909","page","type-page","status-publish","has-post-thumbnail","hentry","entry"],"_links":{"self":[{"href":"https:\/\/grape-to-glass.com\/index.php\/wp-json\/wp\/v2\/pages\/2909","targetHints":{"allow":["GET"]}}],"collection":[{"href":"https:\/\/grape-to-glass.com\/index.php\/wp-json\/wp\/v2\/pages"}],"about":[{"href":"https:\/\/grape-to-glass.com\/index.php\/wp-json\/wp\/v2\/types\/page"}],"author":[{"embeddable":true,"href":"https:\/\/grape-to-glass.com\/index.php\/wp-json\/wp\/v2\/users\/1"}],"replies":[{"embeddable":true,"href":"https:\/\/grape-to-glass.com\/index.php\/wp-json\/wp\/v2\/comments?post=2909"}],"version-history":[{"count":6,"href":"https:\/\/grape-to-glass.com\/index.php\/wp-json\/wp\/v2\/pages\/2909\/revisions"}],"predecessor-version":[{"id":9831,"href":"https:\/\/grape-to-glass.com\/index.php\/wp-json\/wp\/v2\/pages\/2909\/revisions\/9831"}],"wp:featuredmedia":[{"embeddable":true,"href":"https:\/\/grape-to-glass.com\/index.php\/wp-json\/wp\/v2\/media\/2908"}],"wp:attachment":[{"href":"https:\/\/grape-to-glass.com\/index.php\/wp-json\/wp\/v2\/media?parent=2909"}],"curies":[{"name":"wp","href":"https:\/\/api.w.org\/{rel}","templated":true}]}}