{"id":2490,"date":"2019-06-17T05:20:33","date_gmt":"2019-06-16T17:20:33","guid":{"rendered":"https:\/\/grape-to-glass.com\/?page_id=2490"},"modified":"2022-02-27T14:21:38","modified_gmt":"2022-02-27T01:21:38","slug":"wine-spice-cuisine","status":"publish","type":"page","link":"https:\/\/grape-to-glass.com\/index.php\/wine-spice-cuisine\/","title":{"rendered":"Wine &#038; Spice Cuisine"},"content":{"rendered":"\n\t<h4 align=\" justify\">Looking to pair a wine with spice cuisine&#8230;<\/h4>\nWhen enjoying or enduring different levels of spicy cuisine &#8211; your taste buds are looking for something refreshing &#038; calming, that does not clash with fiery flavours like chillies, dried-herbs, hots spices and sauces that are the signature of these dynamic dishes.<br \/>\nPairing wine with hot and spicy dishes can be a challenge, not least because of the many layers of flavours and ingredients involved&#8230;, but also because most of us have had a least one bad experience where the wine chosen was completely overpowered or detracted from the dish, or worse clashed.<br \/>\nBy following a few guidelines, we can find an array of wines that don&#8217;t just work with spicy and slightly hot cuisine, but actually (and more importantly) enhance the experience. Along with cuisine that is well seasoned, spicy, and maybe cured or smoked &#8211; they often have an added richness from the incorporation of butter or dairy ingredients. These should be a focus when choosing a wine, and not only focus on whether the dish is based on dark meat, chicken, fish or vegetarian.<br \/>\nWines most suited to this spectrum of flavours are wines that are low-to-medium in alcohol, wines that are refreshing (i.e. fruit driven, with subtle \/ soft oak notes), and wines with balanced acidity. Alcohol tends to negatively accentuate hot spices, whereas acidity provides an enhancing contrast to both \u2018spice\u2019 and \u2018richness\u2019, while also lifting the many layers of flavour in the dish.<br \/>\nAromatic, fruit-driven and off-dry wines are some of the best options. The natural fruit sweetness from residual sugar in off-dry white wines offers a contrast and calming balance to any heat and spicy notes, along with showcasing the different flavours.<br \/>\nFor red wines, the things to watch out for are high alcohol and hard tannins. I find that low-to-medium alcohol and soft tannins work best, as wines with a firm tannins can accentuate bitterness, and complicate the flavours.<br \/>\nThe following wine and spicy cuisine suggestions are simply starting points. As there are so many different wine styles around the world &#8211; and variations to prepare and levels of spicy cuisine\u00a0&#8211; <em>enjoy the journey<\/em>.\n\t\t\t\t<img loading=\"lazy\" decoding=\"async\" src=\"https:\/\/grape-to-glass.com\/wp-content\/uploads\/2020\/09\/Spice-Image-003.jpg\" alt=\"Spice-Image-003\" itemprop=\"image\" height=\"200\" width=\"765\" title=\"Spice-Image-003\"  \/>\n\t<h4 align=\" justify\"><strong>Pepper Calamari:<\/strong><\/h4>\nYou are looking to complement the subtle oils in the calamari, but also match the firmer texture of squid and the cooking techniques: e.g. rings, tubes or cross-cut and seasoned with the pepper and spices.<br \/>\nSo you need a vibrant, lively white wine with ripe fruit flavours, soft acidity to complement and release the flavours in the calamari.<br \/>\n<strong>\u2022 White Wine: <\/strong>A classic dry to off-dry Pinot Gris, Pinot Blanc off-dry to medium Riesling, Gr\u00fcner Veltliner, also a Brut style Prosecco.<br \/>\n<strong>\u2022 Red Wine: <\/strong>Difficult to match as most red wines will over power the subtle fish notes, though off-dry to medium style Ros\u00e9 can pair well.\n\t\t\t\t<img loading=\"lazy\" decoding=\"async\" src=\"https:\/\/grape-to-glass.com\/wp-content\/uploads\/2020\/09\/Spice-Image-004.jpg\" alt=\"Spice-Image-004\" itemprop=\"image\" height=\"200\" width=\"765\" title=\"Spice-Image-004\"  \/>\n\t<h4>Vegetarian Chilli:<\/h4>\nYou are looking to complement the cooked mixed vegetable flavours and varied soft textures, along with the chilli seasoning and the other dried herbs and spice.<br \/>\nSo you need a ripe, engaging wine, with lifted fruit flavours, light to medium in weight and soft acidity to release the flavours &#8211; and slightly sooth the palate depending on the intensity of spice.<br \/>\n<strong>\u2022 White Wine:<\/strong> A classic dry to off-dry Pinot Gris, Pinot Blanc off-dry to medium Riesling, Gr\u00fcner Veltliner, Chenin Blanc, Viognier and off-dry Ros\u00e9.<br \/>\n<strong>\u2022 Red Wine:<\/strong> A light to medium style Pinot Noir or Beaujolais slightly chilled, plus a Rioja, Valpolicella or Merlot can pair well.\n\t\t\t\t<img loading=\"lazy\" decoding=\"async\" src=\"https:\/\/grape-to-glass.com\/wp-content\/uploads\/2020\/09\/Spice-Image-007.jpg\" alt=\"Spice-Image-007\" itemprop=\"image\" height=\"200\" width=\"765\" title=\"Spice-Image-007\"  \/>\n\t<h4>Pepperoni Pizza:<\/strong><\/h4>\nYou are looking to complement the strong, earthy, pepper-corn flavours and the fats in the chosen salami slices, along with the melted hard-style cheese and any additional seasoning used on the thin based pizza.<br \/>\nSo you need a medium to full-bodied wine, with good ripe berry flavours, medium to full in palate weight and with good well-balanced tannins and infused oak to release the flavours in each bite.<br \/>\n<strong>\u2022 White Wine: <\/strong>As we go into red meats it gets harder to pair a white wine, though generous dry style Ros\u00e9 can on occasion cope.<br \/>\n<strong>\u2022 Red Wine: <\/strong>A generous Pinot Noir, Cru Beaujolais, Reserve Rioja, G.S.M. blend, Merlot \/ Cabernet blend, Syrah and a classic Chianti.\n\t\t\t\t<img loading=\"lazy\" decoding=\"async\" src=\"https:\/\/grape-to-glass.com\/wp-content\/uploads\/2020\/09\/Spice-Image-009.jpg\" alt=\"Spice-Image-009\" itemprop=\"image\" height=\"200\" width=\"765\" title=\"Spice-Image-009\"  \/>\n\t<h4>Thai Curry:<\/h4>\nA Thai curry dish is made with curry paste, coconut milk or water &#8211; with a base of either: meat, seafood, vegetables or fruit and herbs. Curries in Thailand differ from the curries in Indian in their use of ingredients &#8211; such as herbs and aromatic leaves over a mix of spices. So you need a wine with generous fruit flavours, medium weight &#038; soft acidity to balance the generous mouth-filling flavours, and calm the palate depending on the level of spice.<br \/>\n<strong>\u2022 White Wine: <\/strong>A lightly oaked style Chardonnay, off-dry Gr\u00fcner Veltliner, Gew\u00fcrztraminer or an off-dry Pinot Gris and a similar style Ros\u00e9.<br \/>\n<strong>\u2022 Red Wine: <\/strong>A youthful, fruit forward Pinot Noir or quality Beaujolais should not over power or clash with the coconut &#038; spices &#8211; *(unless fish based).\n\t\t\t\t<img loading=\"lazy\" decoding=\"async\" src=\"https:\/\/grape-to-glass.com\/wp-content\/uploads\/2020\/09\/Spice-Image-008.jpg\" alt=\"Spice-Image-008\" itemprop=\"image\" height=\"200\" width=\"765\" title=\"Spice-Image-008\"  \/>\n\t<h4>Chilli Con Carne:<\/h4>\nWhich translate to &#8211; &#8216;chilli with meat&#8217; &#8211; is a spicy stew containing chili peppers, meat (typically beef), and often tomatoes and borlotti or red kidney beans. Other seasonings may include garlic, onions and cumin.<br \/>\nSo you need a full-bodied wine, with good rich earthy flavours, medium to full bodied and with good well-balanced tannins and infused oak to complement the rich stew flavours and sooth the palate.<br \/>\n<strong>\u2022 White Wine: <\/strong>As we get into red meats plus spice it is hard to pair a white wine, though generous sparkling Ros\u00e9 can on occasion cope.<br \/>\n<strong>\u2022 Red Wine: <\/strong>A generous Reserve Rioja, G.S.M. blend, Merlot \/ Cabernet blend, Malbec, fruit driven Syrah\/ Shiraz and a Chianti Classico.\n\t\t\t\t<img loading=\"lazy\" decoding=\"async\" src=\"https:\/\/grape-to-glass.com\/wp-content\/uploads\/2020\/09\/Spice-Image-001.jpg\" alt=\"Spice-Image-001\" itemprop=\"image\" height=\"200\" width=\"765\" title=\"Spice-Image-001\"  \/>\n\t<h4 align=\" justify\"><strong>Thai Fish Cake:<\/strong><\/h4>\nYou are looking to complement the fish cakes bursting with flavours of the fish, the infused nuances from the seasoning of green herbs, and the spongy texture of the fish cakes, plus the light coating of cooking oil. <br \/>\nSo you need a vibrant, complementary wine, with good fruit notes, light-to-medium in weight and subtle citrus acidity to release the lifted flavours in both.<br \/>\n<strong>\u2022 White Wine: <\/strong>A vibrant, fuller off-dry Pinot Gris or Riesling, Gr\u00fcner Veltliner, an unoaked Chardonnay, or a dry to off-dry style Ros\u00e9.<br \/>\n<strong>\u2022 Red Wine: <\/strong>Difficult to match as most red wines will over power the subtle fish notes, though a Ros\u00e9 M\u00e9thod \/ Champagne can pair well.\n\t\t\t\t<img loading=\"lazy\" decoding=\"async\" src=\"https:\/\/grape-to-glass.com\/wp-content\/uploads\/2020\/09\/Spice-Image-002.jpg\" alt=\"Spice-Image-002\" itemprop=\"image\" height=\"200\" width=\"765\" title=\"Spice-Image-002\"  \/>\n\t<h4><strong>Chilli Prawns:<\/strong><\/h4>\nYou are looking to complement the subtle oils in the grilled or bbq&#8217;d prawns, but also complement the semi-firm texture of the sweet flesh of the prawns and the seasoning with chilli and infusing them with heat.<br \/>\nSo you need a vibrant, lively white wine with ripe fruit flavours, with well balanced citrus acidity and a calming rounded finish.<br \/>\n<strong>\u2022 White Wine: <\/strong>A vibrant off-dry to medium style Pinot Gris, medium to sweet Riesling, or a classic dry to off-dry Gew\u00fcrztraminer.<br \/>\n<strong>\u2022 Red Wine: <\/strong>Difficult to match as most red wines will over power the subtle prawn notes, though a medium to sweet style Ros\u00e9 can pair well.\n\t\t\t\t<img loading=\"lazy\" decoding=\"async\" src=\"https:\/\/grape-to-glass.com\/wp-content\/uploads\/2020\/09\/Spice-Image-005.jpg\" alt=\"Spice-Image-005\" itemprop=\"image\" height=\"200\" width=\"765\" title=\"Spice-Image-005\"  \/>\n\t<h4> Moroccan Lamb:<\/h4>\nThe slow cooking process inside the Tagine infuses the chicken with incredibly rich flavours of varied dried and fresh herbs, plus spices that burst out as soon as you take a bite, served with rise or couscous.<br \/>\nSo you need a ripe, engaging wine, with broad fruit flavours, medium in weight and subtle acidity to release the most flavours in the chicken &#8211; and refresh palate depending on the level of spice.<br \/>\n<strong>\u2022 White Wine: <\/strong>An oak aged or part barrel fermented Chardonnay, Gr\u00fcner Veltliner, plus an oaked style Chenin Blanc.<br \/>\n<strong>\u2022 Red Wine: <\/strong>A medium-style Pinot Noir, Beaujolais or Rioja should not over power the flavours and if fruit driven will compliment the sweeter notes.\n\t\t\t\t<img loading=\"lazy\" decoding=\"async\" src=\"https:\/\/grape-to-glass.com\/wp-content\/uploads\/2020\/09\/Spice-Image-006.jpg\" alt=\"Spice-Image-006\" itemprop=\"image\" height=\"200\" width=\"765\" title=\"Spice-Image-006\"  \/>\n\t<h4>Peri Peri Chicken:<\/h4>\nTypically a chilli-based sauce is used as a marinade for the cooked chicken pieces, and made from crushed chilies, citrus peel, onion, garlic, salt &#038; pepper, lemon juice, bay leaves, basil, oregano, paprika, pimiento and tarragon.<br \/>\nSo you need a ripe, engaging wine, with generous ripe fruit flavours, medium in weight and soft acidity to balance the lifted flavours in the chicken &#8211; and calm the palate depending on the level of spice.<br \/>\n<strong>\u2022 White Wine: <\/strong>A lightly oaked style to a barrel fermented Chardonnay, a Viognier \/ Chardonnay blend, Gr\u00fcner Veltliner or a dry, quality Ros\u00e9.<br \/>\n<strong>\u2022 Red Wine: <\/strong>A youthful, fruit forward, medium weight Pinot Noir or quality Beaujolais should not over power the chicken &#038; spiced flavours.\n\t\t\t\t<img loading=\"lazy\" decoding=\"async\" src=\"https:\/\/grape-to-glass.com\/wp-content\/uploads\/2020\/09\/Spice-Image-010.jpg\" alt=\"Spice-Image-010\" itemprop=\"image\" height=\"200\" width=\"765\" title=\"Spice-Image-010\"  \/>\n\t<h4>Rogan Josh:<\/h4>\nRogan Josh &#8211; &#8216;red meat&#8217; or &#8216;red juice&#8217; &#8211; consists of pieces of lamb or mutton braised with a gravy flavoured with garlic, ginger and aromatic spices. While the traditional preparation uses whole dried chilies that are de-seeded, soaked in water, and ground to a paste &#8211; you can find a mixture of paprika to cayenne.<br \/>\nSo you need an wine with rounded spicy flavours, medium in weight and soft tannins to balance the generous flavours and calm the palate depending on the level of spice.<br \/>\n<strong>\u2022 White Wine: <\/strong>As we get into red meats plus spice it is hard to pair a white wine, though generous sparkling Ros\u00e9 can on occasion cope.<br \/>\n<strong>\u2022 Red Wine: <\/strong>A generous Reserve Rioja, G.S.M. blend, Merlot \/ Cabernet, Malbec, a fruit driven Syrah\/Shiraz, an aged Chianti Classico.\n<h3>\n\t\tLinks to more wine &#038; food pairing examples&#8230;\n\t<\/h3>\n\t\t\t\t<a href=\"https:\/\/grape-to-glass.com\/index.php\/wine-seafood\/\" target=\"_self\" itemprop=\"url\" rel=\"noopener\">\n\t\t\t\t<img loading=\"lazy\" decoding=\"async\" src=\"https:\/\/grape-to-glass.com\/wp-content\/uploads\/2021\/09\/Wine-Seafood-Sml-Banner-01.jpg\" alt=\"Wine-Seafood-Sml-Banner-01\" itemprop=\"image\" height=\"304\" width=\"600\" title=\"Wine-Seafood-Sml-Banner-01\"  \/>\n\t\t\t\t<\/a>\n\t\t\t\t<a href=\"https:\/\/grape-to-glass.com\/index.php\/wine-pizza\/\" target=\"_self\" itemprop=\"url\" rel=\"noopener\">\n\t\t\t\t<img loading=\"lazy\" decoding=\"async\" src=\"https:\/\/grape-to-glass.com\/wp-content\/uploads\/2021\/09\/Wine-Pizza-Sml-Banner-01.jpg\" alt=\"Wine-Pizza-Sml-Banner-01\" itemprop=\"image\" height=\"304\" width=\"600\" title=\"Wine-Pizza-Sml-Banner-01\"  \/>\n\t\t\t\t<\/a>\n\t\t\t\t<a href=\"https:\/\/grape-to-glass.com\/index.php\/wine-meat-cuisine\/\" target=\"_self\" itemprop=\"url\" rel=\"noopener\">\n\t\t\t\t<img loading=\"lazy\" decoding=\"async\" src=\"https:\/\/grape-to-glass.com\/wp-content\/uploads\/2021\/09\/Wine-Meat-Sml-Banner-01.jpg\" alt=\"Wine-Meat-Sml-Banner-01\" itemprop=\"image\" height=\"304\" width=\"600\" title=\"Wine-Meat-Sml-Banner-01\"  \/>\n\t\t\t\t<\/a>\n","protected":false},"excerpt":{"rendered":"","protected":false},"author":1,"featured_media":2489,"parent":0,"menu_order":0,"comment_status":"closed","ping_status":"closed","template":"","meta":{"footnotes":""},"class_list":["post-2490","page","type-page","status-publish","has-post-thumbnail","hentry","entry"],"_links":{"self":[{"href":"https:\/\/grape-to-glass.com\/index.php\/wp-json\/wp\/v2\/pages\/2490","targetHints":{"allow":["GET"]}}],"collection":[{"href":"https:\/\/grape-to-glass.com\/index.php\/wp-json\/wp\/v2\/pages"}],"about":[{"href":"https:\/\/grape-to-glass.com\/index.php\/wp-json\/wp\/v2\/types\/page"}],"author":[{"embeddable":true,"href":"https:\/\/grape-to-glass.com\/index.php\/wp-json\/wp\/v2\/users\/1"}],"replies":[{"embeddable":true,"href":"https:\/\/grape-to-glass.com\/index.php\/wp-json\/wp\/v2\/comments?post=2490"}],"version-history":[{"count":17,"href":"https:\/\/grape-to-glass.com\/index.php\/wp-json\/wp\/v2\/pages\/2490\/revisions"}],"predecessor-version":[{"id":6861,"href":"https:\/\/grape-to-glass.com\/index.php\/wp-json\/wp\/v2\/pages\/2490\/revisions\/6861"}],"wp:featuredmedia":[{"embeddable":true,"href":"https:\/\/grape-to-glass.com\/index.php\/wp-json\/wp\/v2\/media\/2489"}],"wp:attachment":[{"href":"https:\/\/grape-to-glass.com\/index.php\/wp-json\/wp\/v2\/media?parent=2490"}],"curies":[{"name":"wp","href":"https:\/\/api.w.org\/{rel}","templated":true}]}}