{"id":2380,"date":"2018-08-13T10:00:15","date_gmt":"2018-08-12T22:00:15","guid":{"rendered":"https:\/\/grape-to-glass.com\/?page_id=2380"},"modified":"2024-04-07T09:58:01","modified_gmt":"2024-04-06T21:58:01","slug":"torbreck-runrig-shiraz-14","status":"publish","type":"page","link":"https:\/\/grape-to-glass.com\/index.php\/torbreck-runrig-shiraz-14\/","title":{"rendered":"&#8230;complex \u2018Old Vine&#8217; Barossa Shiraz"},"content":{"rendered":"\n\t<h3>Torbreck \u2018RunRig\u2019 Barossa Valley Shiraz 2014<\/h3>\n<strong>Grape Varietals:<\/strong>\u00a098.5% Shiraz &#038; 1.5% Viognier<br \/>\n<strong>Growing Region:<\/strong> Barossa Valley &#8211; South Australia<br \/>\n<strong>Chief Winemaker:<\/strong>\u00a0Ian Hongell* &#8211;  *(Joined in 2017) <br \/>\n5 Stars \u2605\u2605\u2605\u2605\u2605\nIt has been a little over 2 years since I was last in the Barossa, enjoying a glass of Torbreck wine under the intense south Australian sun and walking amongst some of the oldest bush vines in the world, many being share-farmed by Torbreck. From the beginning &#8211; the \u2018RunRig\u2019 has taken its inspiration from the well-structured wines crafted from the old vines clinging to the steep slopes of the Northern Rh\u00f4ne Valley Appellation of C\u00f4te R\u00f4tie.<br \/>\nThe \u2018RunRig\u2019 is sourced from ancient dry grown Barossa Shiraz vineyards and blended with touch of Viognier, complementing the strengths and complex characters of these individual parcels, whilst giving the resulting wine a traditional touch and defining end note. This 2014 \u2018RunRig\u2019 like its predecessors showcases self-assured richness, and has long held a reputation as a concentrated wine, that with time reveals a quality able to stand side-by-side with the world\u2019s most generous and age worthy wines.<br \/>\nJust to give this 2014 vintage some context, Craig Isbel <em>(was the head-winemaker)<\/em>* and is still consulting to Torbreck as he develops his own new project &#8211; but since 2017 Ian Hongell has taken over the reins.<br \/>\nThe 2014 vintage in Barossa experienced a slightly cooler period in mid-February, resulting in a longer ripening period. These ancient vines are renowned for their low yields &#8211; providing fruit with excellent concentration, depth and length of flavour. This 2014 \u2018RunRig\u2019 is crafted from a blend Shiraz and Viognier and was matured in a combination of new and old French barriques for a period of 30 months. As the following 6 unique parcels achieved ideal ripeness, (i.e. Lyndoch, Rowland Flat, Seppeltsfield, Greenock, Moppa, Ebenezer). As the first fruit parcel came into the winery on the 7th March through to the last parcel on the 3rd April. The bunches were gently de-stemmed into wooden and concrete open top fermenters where they were carefully hand-plunged for 6 to 7 days. After basket pressing the wine was then transferred directly into new (42%), two and three-year-old French oak barriques to complete a natural malolactic fermentation. The wine was then racked after 6 months and left on fine lees throughout maturation to enhance palate texture. After around 30 months, the Shiraz components were tasted and blended &#8211; and then another tasting was conducted to determine the percentage of Viognier added to the final blend. \n<strong>\u2605 <\/strong> As you pour this wine, a deep garnet-purple colour will fill your glass. This \u2018RunRig\u2019 is far from shy on the nose, delivering intense dark forest fruits, blackberries, sandalwood, cardamom, black olives, cassis, dried herbs and spices.<br \/>\nAn engaging and complex palate has well defined and elegant layers or dark fruits, clove and liquorice all interwoven with hints of dried spices and smoky vanillin oak. There is no doubt this is a full-bodied red wine, with layers and diverse dark fruit characters that evolve in the glass with savoury-earthy notes, red-pepper and ground coffee are all nicely balanced and becoming more persistent and lingering on the long finish. The 2014 \u2018RunRig\u2019 will certainly reward those with patience, with the potential to cellar for another 15 years. \n This 2014 Torbreck &#8216;RunRig&#8217; Barossa Shiraz has 15.5% Alc.\/vol. Classic dry style. If opened in the next 18-24 months decant for at least 60 minutes and serve in a generously shaped wine glass at 17\u00b0- 18\u00b0C. \n<em>A rich, complex \u2018Old Vine\u2019 Barossa Shiraz of international repute.<\/em>\n<p> <\/p>\n\nCELLARING POTENTIAL:  *(Review 13\/08\/18) <br \/>\nWith medium decanting, approachable this season; though will appreciate another 3 &#8211; 4 years and will repay and age nicely for another 12 &#8211; 15 years.\u00a0\nFOOD PAIRING SUGGESTIONS:<br \/>\nPerfect wine pairing with lamb shanks in a red wine jus, slow cooked prime red meats, rich pasta dishes and earthy vegetarian cuisine, plus aged hard cheeses &#8211; <em>enjoy<\/em>.\n<em>Always drink responsibly.<\/em>\n<p> <\/p>\n\t\t\t\t<img loading=\"lazy\" decoding=\"async\" src=\"https:\/\/grape-to-glass.com\/wp-content\/uploads\/2020\/05\/Torbreck-Woodcutters-Shiraz-2017-Image-01.jpg\" alt=\"Torbreck-Woodcutters-Shiraz-2017-Image-01\" itemprop=\"image\" height=\"450\" width=\"1000\" title=\"Torbreck-Woodcutters-Shiraz-2017-Image-01\"  \/>\n\t\t\t\t<a href=\"https:\/\/grape-to-glass.com\/wp-content\/uploads\/2020\/08\/Torbreck-RunRig-Shiraz-2014.pdf\" target=\"_blank\" rel=\"noopener\" itemprop=\"url\">\n\t\t\t\t<img loading=\"lazy\" decoding=\"async\" src=\"https:\/\/grape-to-glass.com\/wp-content\/uploads\/2021\/03\/PDF-Icon-03.jpg\" alt=\"PDF-Icon-03\" itemprop=\"image\" height=\"71\" width=\"280\" title=\"PDF-Icon-03\"  \/>\n\t\t\t\t<\/a>\n\t\t<h3>more wine reviews<\/h3>\n\t\t\t<a href=\"https:\/\/grape-to-glass.com\/index.php\/recent-wine-articles\/\" target=\"_self\" role=\"button\" rel=\"noopener\">\n\t\t\t<\/a>\n","protected":false},"excerpt":{"rendered":"","protected":false},"author":1,"featured_media":2378,"parent":0,"menu_order":0,"comment_status":"closed","ping_status":"closed","template":"","meta":{"footnotes":""},"class_list":["post-2380","page","type-page","status-publish","has-post-thumbnail","hentry","entry"],"_links":{"self":[{"href":"https:\/\/grape-to-glass.com\/index.php\/wp-json\/wp\/v2\/pages\/2380","targetHints":{"allow":["GET"]}}],"collection":[{"href":"https:\/\/grape-to-glass.com\/index.php\/wp-json\/wp\/v2\/pages"}],"about":[{"href":"https:\/\/grape-to-glass.com\/index.php\/wp-json\/wp\/v2\/types\/page"}],"author":[{"embeddable":true,"href":"https:\/\/grape-to-glass.com\/index.php\/wp-json\/wp\/v2\/users\/1"}],"replies":[{"embeddable":true,"href":"https:\/\/grape-to-glass.com\/index.php\/wp-json\/wp\/v2\/comments?post=2380"}],"version-history":[{"count":14,"href":"https:\/\/grape-to-glass.com\/index.php\/wp-json\/wp\/v2\/pages\/2380\/revisions"}],"predecessor-version":[{"id":10644,"href":"https:\/\/grape-to-glass.com\/index.php\/wp-json\/wp\/v2\/pages\/2380\/revisions\/10644"}],"wp:featuredmedia":[{"embeddable":true,"href":"https:\/\/grape-to-glass.com\/index.php\/wp-json\/wp\/v2\/media\/2378"}],"wp:attachment":[{"href":"https:\/\/grape-to-glass.com\/index.php\/wp-json\/wp\/v2\/media?parent=2380"}],"curies":[{"name":"wp","href":"https:\/\/api.w.org\/{rel}","templated":true}]}}