{"id":1997,"date":"2020-02-02T06:35:00","date_gmt":"2020-02-01T17:35:00","guid":{"rendered":"https:\/\/grape-to-glass.com\/?page_id=1997"},"modified":"2021-07-30T11:00:40","modified_gmt":"2021-07-29T23:00:40","slug":"brookfields-fiesta-rose-19","status":"publish","type":"page","link":"https:\/\/grape-to-glass.com\/index.php\/brookfields-fiesta-rose-19\/","title":{"rendered":"An appealing summer palate, and lifted finish"},"content":{"rendered":"\n\t<h3><strong>Brookfields \u2018Fiesta\u2019 Ros\u00e9 2019<\/strong><\/h3>\n<strong>Grape Varietal:<\/strong>  Syrah* <br \/>\n<strong>Growing Region:<\/strong> Hawke\u2019s Bay &#8211; New Zealand \u00a0<br \/>\n<strong>Owner \/ Winemaker:<\/strong> Peter Robertson <br \/>\n4 Stars \u2605\u2605\u2605\u2605\nPeter throughout his distinguished career has crafted quality, well-balanced wines &#8211; that not only complement cuisine but when paired well bring out the best in each other. This ros\u00e9 has been made not only to quench the thirsty of ros\u00e9 drinkers across New Zealand and around the globe. But the technique used to make this style has resulted in a wine ideal for summer &#8211; plus will bring out the best and celebrate on occasions when paired with seasonal cuisine.<br \/>\nThe fruit for this ros\u00e9 was sourced from Ohiti Estate and the Red Metal Triangle. The Ohiti Estate vineyard lies in an inland heat trap in the heart of Hawke\u2019s Bay &#8211; on the bed of the old Ngaruroro River. Where the Syrah obtains excellent levels of ripeness, with good flavour intensity and showcasing lifted red fruit characters.<br \/>\nAs the Syrah grapes arrived at the winery in the early morning, after only a few minutes in the hopper &#8211; the juice was immediately removed from the skins. As at the base of the hopper, there is a gullet underneath a mesh screen &#8211; and the first free run juice was instantly removed before any substantial colour was absorbed from the skins. The juice was quickly pumped into tanks where it underwent a controlled fermentation which has retained the delicate and lifted varietal flavours. After it had finished fermenting, a touch of fermented \u2018sweet reserve\u2019 Pinot Gris wine was added in order to achieve the 3.1g\/L of residual sugar. This small addition is just enough to round out and give an appealing and lifted summer flavours to the wine.<br \/>\nAs you pour this ros\u00e9 wine into your glass, you will be greeted by an inviting pale, coral salmon colour and a shining hue. On the nose you will be enticed by subtle rose petal, watermelon and a subtle note of pepper a respectful nod to the Syrah.<br \/>\nThis ros\u00e9 is a celebration for the senses &#8211; as the name \u2018Fiesta\u2019 suggests, being a derivative of feast &amp; festival. This is the second year that this \u2018saignee\u2019 method has been used with Syrah to make ros\u00e9 wine. And already it is becoming synonymous as being a drier style ros\u00e9 wine which complements seasoned seafood cuisine. The ros\u00e9 is an enticing wine, with good fruit acidity keeping the wine fresh and helping to lift the flavours of strawberries, watermelon, a hint white peach and rose petal and a finishing note of pepper on the bright finish.<br \/>\nThis 2019 Brookfields \u2018Fiesta\u2019 Ros\u00e9 has 13.5% Alc.\/vol. Chill gently and serve in an aromatic wine glass at 8\u00b0- 10\u00b0C.\n<em>A dry style ros\u00e9, with an appealing summer palate, and lifted finish.<br \/>\n<\/em><br \/>\nCELLARING POTENTIAL:<br \/>\nDrinking perfectly this season; plus will hold nicely for another 12 &#8211; 18 months.<br \/>\n<br \/>\nFOOD PAIRING SUGGESTIONS:<br \/>\nPerfect wine pairing with scallops, sushi &amp; sashimi, prawns, salmon or tuna ni\u00e7oise &amp; chilled slices of watermelon or strawberry sorbet &#8211; <em>enjoy<\/em>.\n\t\t\t\t<img loading=\"lazy\" decoding=\"async\" src=\"https:\/\/grape-to-glass.com\/wp-content\/uploads\/2020\/07\/Peter-Robertson-Winemaker-Image-02.jpg\" alt=\"Peter-Robertson-Winemaker-Image-02\" itemprop=\"image\" height=\"450\" width=\"1000\" title=\"Peter-Robertson-Winemaker-Image-02\"  \/>\n\t\t\t<a href=\"https:\/\/grape-to-glass.com\/wp-content\/uploads\/2020\/07\/Brookfields-Fiesta-Rose-2019.pdf\" target=\"_blank\" role=\"button\" rel=\"noopener\">\n\t\t\t\t\t\t\t<\/a>\n\t\t<h3>more wine reviews<\/h3>\n\t\t\t<a href=\"https:\/\/grape-to-glass.com\/index.php\/recent-wine-articles\/\" target=\"_self\" role=\"button\" rel=\"noopener\">\n\t\t\t<\/a>\n","protected":false},"excerpt":{"rendered":"","protected":false},"author":1,"featured_media":1995,"parent":0,"menu_order":0,"comment_status":"closed","ping_status":"closed","template":"","meta":{"footnotes":""},"class_list":["post-1997","page","type-page","status-publish","has-post-thumbnail","hentry","entry"],"_links":{"self":[{"href":"https:\/\/grape-to-glass.com\/index.php\/wp-json\/wp\/v2\/pages\/1997","targetHints":{"allow":["GET"]}}],"collection":[{"href":"https:\/\/grape-to-glass.com\/index.php\/wp-json\/wp\/v2\/pages"}],"about":[{"href":"https:\/\/grape-to-glass.com\/index.php\/wp-json\/wp\/v2\/types\/page"}],"author":[{"embeddable":true,"href":"https:\/\/grape-to-glass.com\/index.php\/wp-json\/wp\/v2\/users\/1"}],"replies":[{"embeddable":true,"href":"https:\/\/grape-to-glass.com\/index.php\/wp-json\/wp\/v2\/comments?post=1997"}],"version-history":[{"count":4,"href":"https:\/\/grape-to-glass.com\/index.php\/wp-json\/wp\/v2\/pages\/1997\/revisions"}],"predecessor-version":[{"id":5251,"href":"https:\/\/grape-to-glass.com\/index.php\/wp-json\/wp\/v2\/pages\/1997\/revisions\/5251"}],"wp:featuredmedia":[{"embeddable":true,"href":"https:\/\/grape-to-glass.com\/index.php\/wp-json\/wp\/v2\/media\/1995"}],"wp:attachment":[{"href":"https:\/\/grape-to-glass.com\/index.php\/wp-json\/wp\/v2\/media?parent=1997"}],"curies":[{"name":"wp","href":"https:\/\/api.w.org\/{rel}","templated":true}]}}