{"id":1644,"date":"2021-11-06T17:00:00","date_gmt":"2021-11-06T04:00:00","guid":{"rendered":"https:\/\/grape-to-glass.com\/?page_id=1644"},"modified":"2021-11-08T12:05:53","modified_gmt":"2021-11-07T23:05:53","slug":"piper-heidsieck-rose-sauvage","status":"publish","type":"page","link":"https:\/\/grape-to-glass.com\/index.php\/piper-heidsieck-rose-sauvage\/","title":{"rendered":"Ros\u00e9 Sauvage NV"},"content":{"rendered":"\n\t<h3> Piper-Heidsieck Ros\u00e9 Sauvage NV<\/h3>\n<strong>Grape Varietals:<\/strong>  *Blend of Pinot Noir, Pinot Meunier &amp; Chardonnay<br \/>\n<strong>Growing Region:<\/strong>  Reims &#8211; France <br \/>\n<strong>Chef de Cave:<\/strong>  \u00c9milien Boutillat  &#8211; *(since October 2018) <br \/>\n4 Stars \u2605\u2605\u2605\u2605\nWords that have been used to describe this Ros\u00e9 Champagne include audacious, contemporary, dynamic and engaging. This Ros\u00e9 Sauvage is definitely unlike any other Ros\u00e9 Champagne you will taste. This Ros\u00e9 Champagne is made through assemblage in strict accordance with the regulations of the Champagne process and for this unique wine region. The flamboyant colour is obtained through a significantly high proportion of Pinot Noir *(around 15-20% of the final blend) which was vinified into red wine, and then added to the blend before secondary fermentation.<br \/>\nEach batch that is put down has a subtle adjust of \u2018reserve\u2019 wine to maintain the house style. And this blend has around 20-25% added for the NV portion. Then bottle aging and palate development was for a period of 24 months in their cellars to complete its magic. After resting for a period of time in the winery cellars in Reims &#8211; this ros\u00e9 was then dressed, packaged and gratefully greeted by confident wine enthusiast the world-over.<br \/>\nThis Piper Heidsieck Ros\u00e9 Sauvage NV classic blend is a generous, full-bodied style of Champagne. With more than just a hint of bright red fruits and elaborated with a majority of Pinot Noir wines from over 100 crus, and the Pinots Meunier coming from the Grande et Petite Montagne de Reims.\n\u2022  In the glass you have a flamboyant, and eye-catching scarlet red colour radiating from the glass &#8211; which has become a recognisable signature of this expression from Piper-Heidsieck. On the nose you will find rich and expressive red fruits which include &#8211; blackcurrants, pomegranate, cherries, cranberries, wild herbs and sweet strawberries, freshened with a citrus, mandarin rind and blood orange notes.  On the palate this Ros\u00e9 Champagne is vibrant, luscious and a refreshing wine which simultaneously offers black cherries, pomegranate, cranberries, red plums, clementine\u2019s &#8211; and just a touch of saffron. This wines structure and fruit forward nature is enhanced with subtle notes of Asian spice rounding off the vivacious lingering finish.\n This Piper-Heidsieck Ros\u00e9 Sauvage NV has 12% Alc.\/vol. &#8211; and with a dosage of 9g\/L. Chill gently and serve in a generously curved flute or tulip at 8\u00b0- 10\u00b0C.\n<em>A pomegranate sunset with effervescence that will awaken the senses.<\/em>\n<p> <\/p>\n\nCELLARING POTENTIAL:  *(Review 6\/11\/2021) <br \/>\nDrinking perfectly well this coming season; and will age well for another 2 &#8211; 3 years.\nFOOD PAIRING SUGGESTIONS:<br \/>\nPerfect wine pairing with duck l&#8217;orange, bbq\u2019d &#038; smoked salmon, seared tuna steak, scallops, sushi &amp; sashimi, prawn pasta and a freshly made mixed-berry cheesecake &#8211; <em>enjoy<\/em>.\n\t\t\t\t<img loading=\"lazy\" decoding=\"async\" src=\"https:\/\/grape-to-glass.com\/wp-content\/uploads\/2020\/05\/Piper-Heidsieck-Cuvee-Brut-NV-Image-01.jpg\" alt=\"Piper-Heidsieck-Cuvee-Brut-NV-Image-01\" itemprop=\"image\" height=\"450\" width=\"1000\" title=\"Piper-Heidsieck-Cuvee-Brut-NV-Image-01\"  \/>\n\t\t\t\t<a href=\"https:\/\/grape-to-glass.com\/wp-content\/uploads\/2021\/11\/Piper-Heidsieck-Rose-Sauvage-NV.pdf\" target=\"_blank\" rel=\"noopener\" itemprop=\"url\">\n\t\t\t\t<img loading=\"lazy\" decoding=\"async\" src=\"https:\/\/grape-to-glass.com\/wp-content\/uploads\/2021\/09\/TASTING-PDF-Icon-Clear-001.png\" alt=\"TASTING-PDF-Icon-Clear-001\" itemprop=\"image\" height=\"71\" width=\"280\" title=\"TASTING-PDF-Icon-Clear-001\"  \/>\n\t\t\t\t<\/a>\n\t\t<h3>more wine reviews<\/h3>\n\t\t\t<a href=\"https:\/\/grape-to-glass.com\/index.php\/recent-wine-articles\/\" target=\"_self\" role=\"button\" rel=\"noopener\">\n\t\t\t<\/a>\n","protected":false},"excerpt":{"rendered":"","protected":false},"author":1,"featured_media":6311,"parent":0,"menu_order":0,"comment_status":"closed","ping_status":"closed","template":"","meta":{"footnotes":""},"class_list":["post-1644","page","type-page","status-publish","has-post-thumbnail","hentry","entry"],"_links":{"self":[{"href":"https:\/\/grape-to-glass.com\/index.php\/wp-json\/wp\/v2\/pages\/1644","targetHints":{"allow":["GET"]}}],"collection":[{"href":"https:\/\/grape-to-glass.com\/index.php\/wp-json\/wp\/v2\/pages"}],"about":[{"href":"https:\/\/grape-to-glass.com\/index.php\/wp-json\/wp\/v2\/types\/page"}],"author":[{"embeddable":true,"href":"https:\/\/grape-to-glass.com\/index.php\/wp-json\/wp\/v2\/users\/1"}],"replies":[{"embeddable":true,"href":"https:\/\/grape-to-glass.com\/index.php\/wp-json\/wp\/v2\/comments?post=1644"}],"version-history":[{"count":26,"href":"https:\/\/grape-to-glass.com\/index.php\/wp-json\/wp\/v2\/pages\/1644\/revisions"}],"predecessor-version":[{"id":6332,"href":"https:\/\/grape-to-glass.com\/index.php\/wp-json\/wp\/v2\/pages\/1644\/revisions\/6332"}],"wp:featuredmedia":[{"embeddable":true,"href":"https:\/\/grape-to-glass.com\/index.php\/wp-json\/wp\/v2\/media\/6311"}],"wp:attachment":[{"href":"https:\/\/grape-to-glass.com\/index.php\/wp-json\/wp\/v2\/media?parent=1644"}],"curies":[{"name":"wp","href":"https:\/\/api.w.org\/{rel}","templated":true}]}}