{"id":1555,"date":"2019-06-16T07:30:00","date_gmt":"2019-06-15T19:30:00","guid":{"rendered":"https:\/\/grape-to-glass.com\/?page_id=1555"},"modified":"2023-01-07T15:32:24","modified_gmt":"2023-01-07T02:32:24","slug":"rose-wine","status":"publish","type":"page","link":"https:\/\/grape-to-glass.com\/index.php\/rose-wine\/","title":{"rendered":"Ros\u00e9 Wine"},"content":{"rendered":"\n\t<h3>How to make Ros\u00e9 wine:<\/h3>\nRos\u00e9 wines may and can be produced in a number of different ways, depending on the desired result, personality. The actual-final colour varies depending on the red grape varietal and length of winemaking process used, and often can\/ may seem to be more orange in colour than a bright pink or a light red. \n &#10086; Skin-Contact Method:<br \/>\nThis is the technique used when a ros\u00e9 wine is the primary product. Red skinned grapes are crushed and the skins are allowed to remain in contact with the juice for a short period: typically only a few hours (some slightly longer), but there are several now on the market that only took a few minutes of skin contact, depending upon the varietal \/ mix of red skin grapes used.. The grapes are then pressed, and the skins are removed rather than left in contact throughout fermentation (as with red winemaking).<br \/>\nThe skins contain aromas and much of the strongly flavoured tannins and other compounds. The longer that the skins are left in contact with the juice, the more intense the colour and the final character and personality of the wine.<br \/>\n&#10086; Direct Press Method:<br \/>\nWhen a winemaker decides to use the Direct Press method to make a ros\u00e9 &#8211; typically a specific grape is grown, harvested and fermented for the sole purpose to produce a ros\u00e9. The ros\u00e9 is not an afterthought or guided by the growing season or ripeness of the grapes. The fruit is often crushed as whole bunches and gently pressed until the juice reaches a desired pale colour. <br \/>\nDirect Pressing involves the grape juice having contact with the skins for an \u2018extremely\u2019 short period of time. Instead of allowing the juice time to soak and pick-up colour, the grapes are pressed right away to remove the skins, as a white wine would be vinified. Because of the pigmentation in the red grape skins, there will still be a faint hint of colour in the juice &#8211; as it is impossible for the juice to have no contact with the skins. <br \/>This method tends to produce the lightest coloured ros\u00e9 wines. Also the grapes are typically picked at lower brix (sugar levels) to keep the alcohol level lower &#8211; which also lifts the natural fruit acidity. This process results in more delicate aromatics, along with defined dynamic notes of strawberries and citrus flavours. <br \/>\n&#10086; Saign\u00e9e Method:<br \/>\nSaign\u00e9e or bleeding, is used when the winemaker desires to impart more tannin and colour to a primary red wine, and removes some pink juice from the &#8216;must&#8217; at an early vinification stage (from the press or tank), in a process known as bleeding the vats. The removed juice is then fermented separately, producing the ros\u00e9 as a by-product of the red wine, which is intensified as a result of the bleeding process, because the volume of juice in the &#8216;must&#8217; is reduced and the &#8216;must&#8217; involved in the maceration is concentrated.<br \/>\n&#10086; Blending Method:<br \/>\nIn the past, it was fairly common to make ros\u00e9 wines by simply taking a white wine and adding a bit of red wine to it. Some winemakers thought this could produce interesting wines that possessed some of the original character of a red wine while retaining the crispness of the white wine. This practice has fallen out of fashion; except in the crafting of quality Champagne Ros\u00e9 where it is a highly respected skill. Where you add a small volume of red wine (typically made from Pinot Noir) to the cuv\u00e9e before the secondary fermentation inside the bottle. As you are aiming to achieve the same aroma, colour and character in a NV Ros\u00e9 Champagne every season &#8211; this is a highly respected achievement.<br \/>\nStill Ros\u00e9 wines are very popular in France and Spain, which have ensured the success of several quality makers of ros\u00e9 wine, and today many wine enthusiasts across the UK, United States, Australia and New Zealand are turning their attention to this vibrant and refreshing wine style.<br \/>\n&#10033; Flavour Range:<br \/>\nDepending upon the grape varietal, time and the technique used, you can have a flavour range of: pink grapefruit, watermelon, strawberries, raspberries, cranberries to pomegranate, plus combinations of all these and more &#8211; <em>enjoy the journey<\/em>.\u00a0\n\t\t\t\t<img loading=\"lazy\" decoding=\"async\" src=\"https:\/\/grape-to-glass.com\/wp-content\/uploads\/2022\/02\/Rose-Flavour-Scale.png\" alt=\"Rose-Flavour-Scale\" itemprop=\"image\" height=\"159\" width=\"1500\" title=\"Rose-Flavour-Scale\"  \/>\n\t\t\t\t<img loading=\"lazy\" decoding=\"async\" src=\"https:\/\/grape-to-glass.com\/wp-content\/uploads\/2020\/05\/r0z3-image-01.jpg\" alt=\"r0z3-image-01\" itemprop=\"image\" height=\"350\" width=\"1020\" title=\"r0z3-image-01\"  \/>\n\t<h3>Saign\u00e9e Method:<\/h3>\nThis winemaking process involves &#8216;bleeding&#8217; (drawing-off) a portion of pink-ros\u00e9 wine after only a short period of time &#8211; (a short contact of the juice with the grape skins). Because the colour of red wine is derived from pigments in the grape skins, the resulting juice is a pale, light or bright pink &#8211; but not red. This process is how many ros\u00e9 wines are made, the only exception being Champagne Ros\u00e9 &#8211; where they are typically made by blending red juice, with the main body of white wine before the secondary fermentation inside bottle. Though for still ros\u00e9 wines some believe that the best wines are made by the saign\u00e9e method.<br \/>\nThe rest of the winemaking process, steps remain basically unchanged in that there is a progression of alcoholic fermentation, filtering, and then bottling all in a short space of time.<br \/>\nThe difference between simply macerating the wine and removing the &#8216;must&#8217; and saign\u00e9e &#8211; is that the wine left after the bleed-off is often still being made into a more concentrated red wine, and the ros\u00e9 is a by-product.<br \/>\nSo the saign\u00e9e method can be used by winemakers wishing to increase the intensity in their red wines. In this case, only a small portion of juice is bled away (removed) from the skins to make a ros\u00e9. But the remaining juice stays in contact with the skins. Because there is a greater surface area ratio of skins to juice after the bleed, so more colour (and possibly complexity) can be extracted from the skins into the red wine-to-be. As a result, some people refer to ros\u00e9 made by the saign\u00e9e process as a by-product of red wine production.<br \/>\nSome top ros\u00e9 producers, particularly in the south of France, prefer not to &#8216;bleed&#8217; their grape juice. Instead, they treat red grapes destined for ros\u00e9 much as they would grapes for a white wine. After the grapes are harvested, they are crushed and quickly pressed or whole cluster pressed &#8211; just as white wine grapes are &#8211; directly into the fermenter. In this way, there is little or short skin maceration.<br \/>\nNot surprisingly, wines made in this fashion can be a lighter shade of pink (as the juice has only kissed the skins), but not lighter in character. Enjoy these ros\u00e9 wines in their youth and served at approximately 8\u00ba-10\u00baC.\n\t\t\t\t<img loading=\"lazy\" decoding=\"async\" src=\"https:\/\/grape-to-glass.com\/wp-content\/uploads\/2020\/05\/saignee-image-01.jpg\" alt=\"saignee-image-01\" itemprop=\"image\" height=\"350\" width=\"1020\" title=\"saignee-image-01\"  \/>\n<h2>\n\t\tmore articles\n\t<\/h2>\n\t\t\t<a href=\"https:\/\/grape-to-glass.com\/index.php\/recent-wine-articles\/\" target=\"_self\" role=\"button\" rel=\"noopener\">\n\t\t\t<\/a>\n","protected":false},"excerpt":{"rendered":"","protected":false},"author":1,"featured_media":8672,"parent":0,"menu_order":0,"comment_status":"closed","ping_status":"closed","template":"","meta":{"footnotes":""},"class_list":["post-1555","page","type-page","status-publish","has-post-thumbnail","hentry","entry"],"_links":{"self":[{"href":"https:\/\/grape-to-glass.com\/index.php\/wp-json\/wp\/v2\/pages\/1555","targetHints":{"allow":["GET"]}}],"collection":[{"href":"https:\/\/grape-to-glass.com\/index.php\/wp-json\/wp\/v2\/pages"}],"about":[{"href":"https:\/\/grape-to-glass.com\/index.php\/wp-json\/wp\/v2\/types\/page"}],"author":[{"embeddable":true,"href":"https:\/\/grape-to-glass.com\/index.php\/wp-json\/wp\/v2\/users\/1"}],"replies":[{"embeddable":true,"href":"https:\/\/grape-to-glass.com\/index.php\/wp-json\/wp\/v2\/comments?post=1555"}],"version-history":[{"count":23,"href":"https:\/\/grape-to-glass.com\/index.php\/wp-json\/wp\/v2\/pages\/1555\/revisions"}],"predecessor-version":[{"id":8675,"href":"https:\/\/grape-to-glass.com\/index.php\/wp-json\/wp\/v2\/pages\/1555\/revisions\/8675"}],"wp:featuredmedia":[{"embeddable":true,"href":"https:\/\/grape-to-glass.com\/index.php\/wp-json\/wp\/v2\/media\/8672"}],"wp:attachment":[{"href":"https:\/\/grape-to-glass.com\/index.php\/wp-json\/wp\/v2\/media?parent=1555"}],"curies":[{"name":"wp","href":"https:\/\/api.w.org\/{rel}","templated":true}]}}