{"id":1298,"date":"2019-06-17T07:00:00","date_gmt":"2019-06-17T07:00:00","guid":{"rendered":"https:\/\/grape-to-glass.com\/?page_id=1298"},"modified":"2025-01-27T17:41:09","modified_gmt":"2025-01-27T04:41:09","slug":"wine-seafood","status":"publish","type":"page","link":"https:\/\/grape-to-glass.com\/index.php\/wine-seafood\/","title":{"rendered":"Wine &#038; Seafood"},"content":{"rendered":"\n\t<p>When looking to pair a wine with seafood cuisine&#8230;<\/p>\nTry to focus on pairing the strength of flavours, weight and intensity of the dish in question with the wine. Wine and food are meant for each other; each enhances and strengthens the experience of the whole, they bring out the best in each other.<br \/>\nConsider whether a dish is \u2018light\u2019 , &#8216;medium&#8217; or &#8216;heavy&#8217; in nature &#8211; in general, look to pair a crisp, lighter-style wine with a light dish, a medium-style wine to pair with a slightly fuller dish, and a full-bodied wine to go with and complement a richer, heavier more intensely flavoured dish &#8211; and so forth&#8230;<br \/>\nFactors to take into account &#8211; are you starting with shellfish or seafood cooked simply and served on their own or with a salad with a lemon dressing. They work well with wines that share a natural undertone of acidity (e.g. Sauvignon Blanc, Riesling or Pinot Grigio). Think about the key flavours in a dish the same way you think about the flavours in wine &#8211; as families of flavours.<br \/>\nIf a dish has more character, it has been lifted by seasoning, or has it been grilled or smoked, it will pair well with lightly oaked white wines. Does it have a firm texture or spices, then it can pair with different fuller styles of white wines or a Ros\u00e9. Then consider which wines offer complementary flavours, citrus or herbal notes etc. Take notice of a foods texture that is similar to that of the wine &#8211; and wines whose intensity of flavour match &#8211; <em>enjoy the journey.<\/em>\n\t\t\t\t<img loading=\"lazy\" decoding=\"async\" src=\"https:\/\/grape-to-glass.com\/wp-content\/uploads\/2024\/04\/Seafood-Image-001.jpg\" alt=\"Seafood-Image-001\" itemprop=\"image\" height=\"200\" width=\"765\" title=\"Seafood-Image-001\"  \/>\n\t<h4 align=\" justify\"><strong>Fish &amp; Chips:<\/strong><\/h4>\nYou are looking to complement the subtle fish flavours, but also match the fat in the batter, plus the oil in the chips and flavours in the pea puree.<br \/>\nSo you need a bright, crisp wine, with good fruit notes, light in weight and good acidity to release the subtle flavours in both.<br \/>\n<strong>\u2022 White Wine: <\/strong>A young, bright Sauvignon Blanc, Vouvray, an Un-oaked Chardonnay, plus a dry (Brut style) Sparkling wine.<br \/>\n<strong>\u2022 Red Wine: <\/strong>Difficult to match as most red wines will over power the subtle fish notes, though a Ros\u00e9 wine pair on occasions.\n\t\t\t\t<img loading=\"lazy\" decoding=\"async\" src=\"https:\/\/grape-to-glass.com\/wp-content\/uploads\/2020\/05\/Seafood-Image-003.jpg\" alt=\"Seafood-Image-003\" itemprop=\"image\" height=\"200\" width=\"765\" title=\"Seafood-Image-003\"  \/>\n\t<h4>Sardines:<\/h4>\nYou are looking to complement the medium to fuller, oily sardine flavours and characters, but also match the texture of the fish and the grilled cooking, herbs used and any citrus dressing.<br \/>\nSo you need a lively, dry white wine with crisp fruit notes, a light palate weight and crisp acidity.<br \/>\n<strong>\u2022 White Wine:<\/strong> A crisp Pinot Grigio, Vinho Verde, a lively dry Riesling, a young Fum\u00e9 Blanc also even a Brut\/ Extra Brut Prosecco.<br \/>\n<strong>\u2022 Red Wine:<\/strong> Difficult to match as most red wines will over power the subtle fish notes, though a still or sparkling Ros\u00e9 wine pair on occasions.\n\t\t\t\t<img loading=\"lazy\" decoding=\"async\" src=\"https:\/\/grape-to-glass.com\/wp-content\/uploads\/2020\/05\/Seafood-Image-005.jpg\" alt=\"Seafood-Image-005\" itemprop=\"image\" height=\"200\" width=\"765\" title=\"Seafood-Image-005\"  \/>\n\t<h4><strong>Salmon Gravlax:<\/strong><\/h4>\nYou are looking to complement the richer, sweet, cured flavours in the Salmon Gravlax. But also match the oils, salt notes and texture of the fish and the techniques used to cure the salmon.<br \/>\nSo you need a confident, dry wine with ripe fruits, bright, clean acidity to release the flavours in the fish oils and fats.<br \/>\n<strong>\u2022 White Wine:<\/strong> A quality Pouilly-Fum\u00e9, a lightly oak aged style Sauvignon Blanc, Pinot Grigio and a well balanced Ros\u00e9.<br \/>\n<strong>\u2022 Red Wine:<\/strong> A light style Pinot Noir or Beaujolais can pair with the Salmon flavours and if slightly chilled can bring out some sweeter notes.\n\t\t\t\t<img loading=\"lazy\" decoding=\"async\" src=\"https:\/\/grape-to-glass.com\/wp-content\/uploads\/2024\/04\/Seafood-Image-007.jpg\" alt=\"Seafood-Image-007\" itemprop=\"image\" height=\"200\" width=\"765\" title=\"Seafood-Image-007\"  \/>\n\t<h4>Seared Scallops:<\/h4>\nYou are looking to complement the light, sweet flavours in the fresh scallops. But you are also looking to match the delicate oils and semi-firm texture and the grilled cooking techniques.<br \/>\nSo you need a lively, bright, crisp white wine to release the subtle oils and flavours in found in the simple seared &amp; served scallops.<br \/>\n<strong>\u2022 White Wine:<\/strong> A young, bright classic style Sauvignon Blanc, plus a dry Riesling, Pinot Grigio, Soave, Chenin Blanc and a Ros\u00e9.<br \/>\n<strong>\u2022 Red Wine:<\/strong> Can be difficult to pair as most red wines will over power\/ even clash with the subtle flavours \/ notes in the soft shellfish.\n\t\t\t\t<img loading=\"lazy\" decoding=\"async\" src=\"https:\/\/grape-to-glass.com\/wp-content\/uploads\/2024\/04\/Seafood-Image-009.jpg\" alt=\"Seafood-Image-009\" itemprop=\"image\" height=\"200\" width=\"765\" title=\"Seafood-Image-009\"  \/>\n\t<h4>Steamed Mussels:<\/h4>\nYou are looking to complement the richer flavours in the Mussels, but also match the firm\/ chewy texture of the flesh and the steaming I the herbs and seasoning.<br \/>\nSo you need a youthful, lively dry white wine with ripe fruits, clean, crisp acidity to release the flavours in the flesh of the Mussels.<br \/>\n<strong>\u2022 White Wine:<\/strong> A bright, dry style Sauvignon Blanc, a quality Vouvray (Chenin Blanc), a vibrant Riesling and even a dry Ros\u00e9.<br \/>\n<strong>\u2022 Red Wine:<\/strong> Can be difficult to pair as most red wines will over power and even clash the subtle\/ shellfish, salty notes in the mussels.\n\t\t\t\t<img loading=\"lazy\" decoding=\"async\" src=\"https:\/\/grape-to-glass.com\/wp-content\/uploads\/2020\/05\/Seafood-Image-011.jpg\" alt=\"Seafood-Image-011\" itemprop=\"image\" height=\"200\" width=\"765\" title=\"Seafood-Image-011\"  \/>\n\t<h4>Grilled Prawns:<\/h4>\nYou are looking to complement the subtle oils in the grilled prawns, but also match the semi-firm texture of the sweet flesh of the fresh prawns and the cooking techniques and any seasoning, dressing or sauce.<br \/>\nSo you need a youthful, lively white wine with ripe pip-fruits and a core of balanced citrus acidity.<br \/>\n<strong>\u2022 White Wine:<\/strong> A full flavoured, vibrant Sauvignon Blanc, citrus focused Riesling, Soave, Orvieto and also a classic Grillo, dry Sherry &amp; Prosecco.<br \/>\n<strong>\u2022 Red Wine:<\/strong> Can be difficult to pair as most red wines will over power the subtle notes, though a classic dry Ros\u00e9 can\/ will pair well.\n\t\t\t\t<img loading=\"lazy\" decoding=\"async\" src=\"https:\/\/grape-to-glass.com\/wp-content\/uploads\/2020\/05\/Seafood-Image-013.jpg\" alt=\"Seafood-Image-013\" itemprop=\"image\" height=\"200\" width=\"765\" title=\"Seafood-Image-013\"  \/>\n\t<h4>Sushi \/ Sashimi:<\/h4>\nYou are looking to complement the subtle oils in the salmon or prawn sushi, but also match the texture of the flesh of the salmon, prawns and the sticky rice and avocado plus other seasoning.<br \/>\nSo you need a youthful, lively wine with ripe fruits, clean acidity to release the flavours in the light ingredients used in the rolled sushi.<br \/>\n<strong>\u2022 White Wine:<\/strong> A lively, dry Ros\u00e9, a citrus focused Riesling, Albari\u00f1o, an off-dry Pinot Gris, Pinot Grigio and a ripe Sauvignon Blanc.<br \/>\n<strong>\u2022 Red Wine:<\/strong> Can be difficult to pair &#8211; but on some occasions a chilled Gamay or a light style Pinot Noir can complement.\n\t\t\t\t<img loading=\"lazy\" decoding=\"async\" src=\"https:\/\/grape-to-glass.com\/wp-content\/uploads\/2020\/05\/Seafood-Image-017.jpg\" alt=\"Seafood-Image-017\" itemprop=\"image\" height=\"200\" width=\"765\" title=\"Seafood-Image-017\"  \/>\n\t<h4>Paella:<\/h4>\nYou are looking to complement the infused oils and fresh spices in the Paella, but also pair with the different textures of the shellfish used along with the rice and slow cooking technique.<br \/>\nSo you need a youthful, lively white wine with ripe fruits, bright acidity to release the flavours in the ingredients.<br \/>\n<strong>\u2022 White Wine:<\/strong> An Albari\u00f1o, a full flavoured dry Riesling, a Fum\u00e9 Blanc, Pinot Gris, an un-oaked Chardonnay and a quality Ros\u00e9.<br \/>\n<strong>\u2022 Red Wine:<\/strong> Can be difficult to match &#8211; but a light style Tempranillo (Rioja, Crianza) or a slightly chilled lighter style Pinot Noir.\n\t\t\t\t<img loading=\"lazy\" decoding=\"async\" src=\"https:\/\/grape-to-glass.com\/wp-content\/uploads\/2024\/04\/Seafood-Image-016.jpg\" alt=\"Seafood-Image-016\" itemprop=\"image\" height=\"200\" width=\"765\" title=\"Seafood-Image-016\"  \/>\n\t<h4>Smoked Salmon:<\/h4>\nYou are looking to complement the subtle to rich infused oils in the smoked salmon, but also match the texture of the Salmon fillets and any oils and herbs coating the cured fish.<br \/>\nSo you need a youthful, lively wine with ripe fruit characters and cleansing acidity to release the flavours in the dish.<br \/>\n<strong>\u2022 White Wine:<\/strong> A Pouilly-Fum\u00e9, oak style Sauvignon Blanc, a lightly oaked Chardonnay, dry Pinot Gris, Gr\u00fcner Veltliner and a generous Ros\u00e9.<br \/>\n<strong>\u2022 Red Wine:<\/strong> Can be difficult to match &#8211; but a slightly chilled Gamay *(Beaujolais), Valpolicella or a lighter style Pinot Noir.\n\t\t\t\t<img loading=\"lazy\" decoding=\"async\" src=\"https:\/\/grape-to-glass.com\/wp-content\/uploads\/2020\/05\/Seafood-Image-002.jpg\" alt=\"Seafood-Image-002\" itemprop=\"image\" height=\"200\" width=\"765\" title=\"Seafood-Image-002\"  \/>\n\t<h4 align=\" justify\"><strong>Steamed Fish:<\/strong><\/h4>\nYou are looking to complement the subtle fish notes, but also match the light oils and texture of the steamed fish and the flavours in the rocket salad.<br \/>\nSo you need a lively, light wine with crisp fruit flavours, with light palate weight and clean acidity to match the fish.<br \/>\n<strong>\u2022 White Wine: <\/strong>A lively Soave, a crisp Sauvignon Blanc, an Albari\u00f1o, Verdicchio and a cool climate, classic dry Riesling.<br \/>\n<strong>\u2022 Red Wine:<\/strong> Difficult to match as most red wines will over power the subtle fish notes, though a Ros\u00e9 wine pair on occasions.\n\t\t\t\t<img loading=\"lazy\" decoding=\"async\" src=\"https:\/\/grape-to-glass.com\/wp-content\/uploads\/2020\/05\/Seafood-Image-004.jpg\" alt=\"Seafood-Image-004\" itemprop=\"image\" height=\"200\" width=\"765\" title=\"Seafood-Image-004\"  \/>\n\t<h4><strong>River Trout:<\/strong><\/h4>\nYou are looking to complement the richer, fuller flavours in the Trout, but also match the\u00a0natural oil-rich texture of the fish and the cooking \/ baking techniques, the herbs and dressing.<br \/>\nSo you need a confident, dry white wine with ripe fruit characters, a layered palate and bright, clean acidity.<br \/>\n<strong>\u2022 White Wine:<\/strong> A Sancerre, Pouilly-Fum\u00e9, an oak aged Sauvignon Blanc, a quality Gr\u00fcner Veltliner and a Premier Cru Chablis.<br \/>\n<strong>\u2022 Red Wine:<\/strong> Difficult to match as most red wines will over power the fish, though a very light style Pinot Noir slightly chilled can pair on occasion.\n\t\t\t\t<img loading=\"lazy\" decoding=\"async\" src=\"https:\/\/grape-to-glass.com\/wp-content\/uploads\/2020\/05\/Seafood-Image-006.jpg\" alt=\"Seafood-Image-006\" itemprop=\"image\" height=\"200\" width=\"765\" title=\"Seafood-Image-006\"  \/>\n\t<h4>Seared Tuna:<\/h4>\nYou are looking to complement the fuller, meaty flavours in the Tuna, but also match the oils and firm texture of the Tuna\u2019s flesh and the cooking techniques used (i.e. seared, grilled, and seasoned).<br \/>\nSo you need a confident, full wine with ripe sweet fruits, clean acidity to release the flavours in the firmer texture of the flesh.<br \/>\n<strong>\u2022 White Wine:<\/strong> A lightly oaked Chardonnay, Viognier \/ Chardonnay blend, Gr\u00fcner Veltliner or a dry, quality Ros\u00e9.<br \/>\n<strong>\u2022 Red Wine:<\/strong> A youthful, fruit forward, medium weight Pinot Noir or quality Beaujolais will not over power the Tuna characters.\n\t\t\t\t<img loading=\"lazy\" decoding=\"async\" src=\"https:\/\/grape-to-glass.com\/wp-content\/uploads\/2020\/05\/Seafood-Image-008.jpg\" alt=\"Seafood-Image-008\" itemprop=\"image\" height=\"200\" width=\"765\" title=\"Seafood-Image-008\"  \/>\n\t<h4>Calamari:<\/h4>\nYou are looking to complement the subtle oils in the Calamari, but also match the firmer texture of the flesh of the Squid and the cooking techniques. i.e. rings, tubes, cross-cut and seasoning.<br \/>\nSo you need a youthful, lively white wine with ripe fruits, clean acidity to release the flavours in the firm flesh &#8211;\u00a0<em>(note: un-battered squid \/ calamari pairings)<\/em><br \/>\n<strong>\u2022 White Wine:<\/strong> A ripe, lively Sauvignon Blanc, Pinot Grigio, an off-dry Pinot Gris, Gr\u00fcner Veltliner and dry Riesling, even a dry Ros\u00e9.<br \/>\n<strong>\u2022 Red Wine: <\/strong>Can be difficult to pair as most red wines will over power the subtle notes in the simple cooked\/ served calamari.\n\t\t\t\t<img loading=\"lazy\" decoding=\"async\" src=\"https:\/\/grape-to-glass.com\/wp-content\/uploads\/2024\/04\/Seafood-Image-010.jpg\" alt=\"Seafood-Image-010\" itemprop=\"image\" height=\"200\" width=\"765\" title=\"Seafood-Image-010\"  \/>\n\t<h4>Oysters:<\/h4>\nYou are looking to complement the subtle salty-oils in the oysters, but also match the silky texture of the flesh of the oysters and the raw nature.<br \/>\nSo you need a youthful, lively, crisp white wine with ripe citrus focused fruits, with clean, crisp acidity to release the flavours in flesh.<br \/>\n<strong>\u2022 White Wine: <\/strong>A quality Chablis, a crisp, lively brut style Champagne, Vernaccia and a crisp dry Vouvray, even a Pinot Grigio.<br \/>\n<strong>\u2022 Red Wine:<\/strong>Can be difficult to pair as most red wines will over power and even clash the subtle \/ shellfish, salty notes typical with oysters.\n\t\t\t\t<img loading=\"lazy\" decoding=\"async\" src=\"https:\/\/grape-to-glass.com\/wp-content\/uploads\/2020\/05\/Seafood-Image-012.jpg\" alt=\"Seafood-Image-012\" itemprop=\"image\" height=\"200\" width=\"765\" title=\"Seafood-Image-012\"  \/>\n\t<h4>Crayfish \/ Lobster:<\/h4>\nYou are looking to complement the subtle oils in the Crayfish, but also match the firmer texture of the sweet flesh of the crayfish\/ lobster and the simple cooking techniques.<br \/>\nSo you need a bright, lively white wine with ripe fruits, medium bodied and with clean acidity.<br \/>\n<strong>\u2022 White Wine:<\/strong> A full flavoured Chablis, a dry Ros\u00e9, lightly oaked Chardonnay, and a quality &#8216;Blanc de Blancs&#8217; Champagne.<br \/>\n<strong>\u2022 Red Wine:<\/strong> Can be difficult to pair as most red wines will over power the subtle notes found in the firm textured flesh of the crayfish\/ lobster.\n\t\t\t\t<img loading=\"lazy\" decoding=\"async\" src=\"https:\/\/grape-to-glass.com\/wp-content\/uploads\/2024\/04\/Seafood-Image-014.jpg\" alt=\"Seafood-Image-014\" itemprop=\"image\" height=\"200\" width=\"765\" title=\"Seafood-Image-014\"  \/>\n\t<h4>Seafood Dumplings:<\/h4>\nYou are looking to complement the stronger flavours in the seafood dumplings, but also match the layered, mixed texture of the dumplings and the cooking techniques and any herbs and binding mixture.<br \/>\nSo you need a full flavoured, lively white wine with rip fruits and acidity to match the flavours and seasoning in the dumpling mixture.<br \/>\n<strong>\u2022 White Wine:<\/strong> A ripe medium to full-bodied Pinot Gris, a sweet Riesling, Viognier, a light style Gew\u00fcrztraminer and a good quality Ros\u00e9.<br \/>\n<strong>\u2022 Red Wine:<\/strong> Can be difficult to pair &#8211; but a soft style Gamay or a light style Pinot Noir, or Crianza can complement if lightly chilled.\n\t\t\t\t<img loading=\"lazy\" decoding=\"async\" src=\"https:\/\/grape-to-glass.com\/wp-content\/uploads\/2020\/05\/Seafood-Image-015.jpg\" alt=\"Seafood-Image-015\" itemprop=\"image\" height=\"200\" width=\"765\" title=\"Seafood-Image-015\"  \/>\n\t<h4>Chilli Prawns:<\/h4>\nYou are looking to complement the chili spices and the oils both in the cooking and within the prawns, but also match the firmer, slightly chewy texture of the prawns and the cooking techniques.<br \/>\nSo you need a full, lively white wine with ripe fruits, soft acidity to release the flavours and match the spices and seasoning.<br \/>\n<strong>\u2022 White Wine:<\/strong> A ripe Gew\u00fcrztraminer, a full flavoured Pinot Gris, a ripe style Riesling, a semi-sweet Ros\u00e9, Amontillado Sherry and a &#8216;dry&#8217; Prosecco.<br \/>\n<strong>\u2022 Red Wine:<\/strong> Can be difficult to pair &#8211; but a slightly chilled Gamay or a light style Pinot Noir can complement.\n\t\t\t\t<img loading=\"lazy\" decoding=\"async\" src=\"https:\/\/grape-to-glass.com\/wp-content\/uploads\/2020\/05\/Seafood-Image-018.jpg\" alt=\"Seafood-Image-018\" itemprop=\"image\" height=\"200\" width=\"765\" title=\"Seafood-Image-018\"  \/>\n\t<h4>Seafood Pie:<\/h4>\nYou are looking to complement the richer, creamy flavours in the baked pie, but also matching the texture of the seafood pieces and vegetables, plus the pastry case and crust.<br \/>\nSo you need a full, lively white wine with ripe fruits, good body and a dry, clean acidity to release the flavours in the fish pie.<br \/>\n<strong>\u2022 White Wine:<\/strong> A smoky oak-aged or\u00a0<em>(barrel fermented)<\/em>\u00a0style Sauvignon Blanc, and a classic<em>\u00a0&#8216;barrel fermented&#8217;<\/em>\u00a0full-bodied richer style Chardonnay.<br \/>\n<strong>\u2022 Red Wine:<\/strong> Can be difficult to pair &#8211; but a dry, medium to full-bodied style Beaujolais or light Pinot Noir can complement.\n<h3>\n\t\tLinks to more wine &#038; food pairing examples&#8230;\n\t<\/h3>\n\t\t\t\t<a href=\"https:\/\/grape-to-glass.com\/index.php\/wine-tapas\/\" target=\"_self\" itemprop=\"url\">\n\t\t\t\t<img loading=\"lazy\" decoding=\"async\" src=\"https:\/\/grape-to-glass.com\/wp-content\/uploads\/2021\/09\/Wine-Tapas-Sml-Banner-01.jpg\" alt=\"Wine-Tapas-Sml-Banner-01\" itemprop=\"image\" height=\"304\" width=\"600\" title=\"Wine-Tapas-Sml-Banner-01\"  \/>\n\t\t\t\t<\/a>\n\t\t\t\t<a href=\"https:\/\/grape-to-glass.com\/index.php\/wine-vegetarian-cuisine\/\" target=\"_self\" itemprop=\"url\">\n\t\t\t\t<img loading=\"lazy\" decoding=\"async\" src=\"https:\/\/grape-to-glass.com\/wp-content\/uploads\/2021\/09\/Wine-Vegetarian-Sml-Banner-01.jpg\" alt=\"Wine-Vegetarian-Sml-Banner-01\" itemprop=\"image\" height=\"304\" width=\"600\" title=\"Wine-Vegetarian-Sml-Banner-01\"  \/>\n\t\t\t\t<\/a>\n\t\t\t\t<a href=\"https:\/\/grape-to-glass.com\/index.php\/wine-meat-cuisine\/\" target=\"_self\" itemprop=\"url\">\n\t\t\t\t<img loading=\"lazy\" decoding=\"async\" src=\"https:\/\/grape-to-glass.com\/wp-content\/uploads\/2021\/09\/Wine-Meat-Sml-Banner-01.jpg\" alt=\"Wine-Meat-Sml-Banner-01\" itemprop=\"image\" height=\"304\" width=\"600\" title=\"Wine-Meat-Sml-Banner-01\"  \/>\n\t\t\t\t<\/a>\n","protected":false},"excerpt":{"rendered":"","protected":false},"author":1,"featured_media":10540,"parent":0,"menu_order":0,"comment_status":"closed","ping_status":"closed","template":"","meta":{"footnotes":""},"class_list":["post-1298","page","type-page","status-publish","has-post-thumbnail","hentry","entry"],"_links":{"self":[{"href":"https:\/\/grape-to-glass.com\/index.php\/wp-json\/wp\/v2\/pages\/1298","targetHints":{"allow":["GET"]}}],"collection":[{"href":"https:\/\/grape-to-glass.com\/index.php\/wp-json\/wp\/v2\/pages"}],"about":[{"href":"https:\/\/grape-to-glass.com\/index.php\/wp-json\/wp\/v2\/types\/page"}],"author":[{"embeddable":true,"href":"https:\/\/grape-to-glass.com\/index.php\/wp-json\/wp\/v2\/users\/1"}],"replies":[{"embeddable":true,"href":"https:\/\/grape-to-glass.com\/index.php\/wp-json\/wp\/v2\/comments?post=1298"}],"version-history":[{"count":36,"href":"https:\/\/grape-to-glass.com\/index.php\/wp-json\/wp\/v2\/pages\/1298\/revisions"}],"predecessor-version":[{"id":12202,"href":"https:\/\/grape-to-glass.com\/index.php\/wp-json\/wp\/v2\/pages\/1298\/revisions\/12202"}],"wp:featuredmedia":[{"embeddable":true,"href":"https:\/\/grape-to-glass.com\/index.php\/wp-json\/wp\/v2\/media\/10540"}],"wp:attachment":[{"href":"https:\/\/grape-to-glass.com\/index.php\/wp-json\/wp\/v2\/media?parent=1298"}],"curies":[{"name":"wp","href":"https:\/\/api.w.org\/{rel}","templated":true}]}}