{"id":11929,"date":"2024-12-12T06:00:00","date_gmt":"2024-12-11T17:00:00","guid":{"rendered":"https:\/\/grape-to-glass.com\/?page_id=11929"},"modified":"2025-12-05T08:06:14","modified_gmt":"2025-12-04T19:06:14","slug":"no-1-assemble-extra-brut-nv","status":"publish","type":"page","link":"https:\/\/grape-to-glass.com\/index.php\/no-1-assemble-extra-brut-nv\/","title":{"rendered":"&#8230;sangfroid nature"},"content":{"rendered":"\n\t<h3>No.1 Assembl\u00e9 \u2018Extra Brut\u2019 NV<\/h3>\n<strong>Grape Varietals:<\/strong> 54% Pinot Noir, 45% Chardonnay &#038; 1% Pinot Meunier <br \/>\n<strong>Growing Region:<\/strong> Marlborough &#8211; New Zealand <br \/>\n<strong>Owner \/ Chef de Cave: <\/strong>Daniel Le Brun, No.1 Family Estate\n\t\t\t\t<img loading=\"lazy\" decoding=\"async\" src=\"https:\/\/grape-to-glass.com\/wp-content\/uploads\/2025\/12\/Gavin-Wine-Review-4-Star-24-Sml-01.png\" alt=\"Gavin-Wine-Review-4-Star-24-Sml-01\" itemprop=\"image\" height=\"200\" width=\"200\" title=\"Gavin-Wine-Review-4-Star-24-Sml-01\"  \/>\n\tWith summer in the air and festive cheer spreading around the country, this gives us another reason to celebrate, 25 years ago in July 1999, Adele &#038; Daniel Le Brun released their new M\u00e9thode Traditionelle from a second wine venture called No.1 Family Estate. Since this time, their expressions have become a benchmark not only for Marlborough but the whole country.<br \/>\nAll their wines are crafted from grapes grown in their own vineyards, situated in the renowned Wairau Valley in Marlborough. With all their grapes being hand harvested for each wine. After diligent and time-honoured vinification and then tirage before the secondary fermentation in bottle. With a backbone of Pinot Noir, a lavish amount of elegance from the Chardonnay and a soprano note from the Pinot Meunier. This cuv\u00e9e has spent a respectful 3 years in the wings, on lees in their cellars waiting *(learning its lines\u2026) for its moment to shine. The effort and attention to detail given by Daniel to this cuv\u00e9e &#8211; you might expect to pay twice as much elsewhere. Is this the best value \u2018Brut Nature\u2019 M\u00e9thode Traditionnelle in New Zealand.<br \/>\nThis cuv\u00e9e is an \u2018Extra Brut\u2019 &#8211; not in nature, your mother won\u2019t have to worry about you being alone with this effervescent character. It only has 3.4g\/L of residual sugar, (so the sweetness only touches the lips, and not the hips) so no dosage, no liqueur d\u2018expedition was added. Daniel feels he has an honest expression &#8211; where the emperor actually doesn\u2019t need any new clothes, and we actually want to see its pure form. This wine has the key elements for a dexterous synergy, the structure from Pinot Noir, the elegance of Chardonnay and Pinot Meunier allure, like a bow at Christmas, a detail missed when not there. \n<strong>\u2605 <\/strong>You are welcomed by an energetic display of medium-to-small sized beading, before your glass glows peach gold with a persistent mousse dancing on the surface. On the enticing nose you have cr\u00e8me p\u00e2tissi\u00e8re au citron, almond biscotti and a note of freshly baked baguette. On the dancefloor that is your tongue &#8211; you have charming elegance, nimble and light-footed, gliding effortlessly due to the lavish mousse delivering a silky texture. You are then introduced to green melon, ripe apples and a chalky mineral seam due to is raw nature. The wine has a Betty Davis like poise due to a sangfroid, refined character, plus a passionate kiss of acidity and no added dosage, culminating in a definitive dry finish. \n This No.1 Assembl\u00e9 \u2018Extra Brut\u2019 NV has 12.5% Alc.\/vol. An &#8216;Extra Brut&#8217; Style, with residual sugar of 3.4g\/L. Chill gently and serve in a generously curved flute or an aromatic shaped wine glass at 8\u00ba- 10\u00baC.  &#8211; *NZ$36.00 \n <em>An honest expression &#8211; \u2018to appreciate a crisp apple, why add sugar\u2019 <\/em>\n<p> <\/p>\n\nCELLARING POTENTIAL:  *(Article Posted 12\/12\/24) <br \/>\nDrinking perfectly now; plus, it will hold nicely for another 5 &#8211; 6 years.<br \/>\n<br \/>\nFOOD PAIRING SUGGESTIONS:<br \/>\n Perfect wine pairing with oysters, scallops, calamari, ceviche, salmon gravlax, sushi &#038; sashimi, prawn &#038; crab salad, crayfish \/ lobster, moules-frites, seared white fish fillets, lemon &#038; basil gnocchi, along with an aged Parmesan cheese &#8211; <em>enjoy<\/em>.\nAlways Share Responsibly\n<p> <\/p>\n\t\t\t\t<img loading=\"lazy\" decoding=\"async\" src=\"https:\/\/grape-to-glass.com\/wp-content\/uploads\/2024\/12\/Assemble-NV-Bottom-Banner-02.jpg\" alt=\"Assemble-Bottom-Banner-04\" itemprop=\"image\" height=\"625\" width=\"1800\" title=\"Assemble-Bottom-Banner-04\"  \/>\n\t\t\t\t<a href=\"https:\/\/grape-to-glass.com\/wp-content\/uploads\/2024\/12\/Essenca-Glass-Assemble-NV.jpg\" target=\"_blank\" rel=\"noopener\"  itemprop=\"url\">\n\t\t\t\t<img loading=\"lazy\" decoding=\"async\" src=\"https:\/\/grape-to-glass.com\/wp-content\/uploads\/2025\/05\/Stemware-Icon-03.png\" alt=\"Stemware-Icon-03\" itemprop=\"image\" height=\"101\" width=\"275\" title=\"Stemware-Icon-03\"  \/>\n\t\t\t\t<\/a>\n\t<h3><center> 35 YEARS EXPERIENCE \u2022 WINE &#038; STEMWARE EXPERT <\/h3>\n\t\t<h3>more wine reviews<\/h3>\n\t\t\t<a href=\"https:\/\/grape-to-glass.com\/index.php\/recent-wine-articles\/\" target=\"_self\" role=\"button\">\n\t\t\t<\/a>\n","protected":false},"excerpt":{"rendered":"","protected":false},"author":1,"featured_media":11924,"parent":0,"menu_order":0,"comment_status":"closed","ping_status":"closed","template":"","meta":{"footnotes":""},"class_list":["post-11929","page","type-page","status-publish","has-post-thumbnail","hentry","entry"],"_links":{"self":[{"href":"https:\/\/grape-to-glass.com\/index.php\/wp-json\/wp\/v2\/pages\/11929","targetHints":{"allow":["GET"]}}],"collection":[{"href":"https:\/\/grape-to-glass.com\/index.php\/wp-json\/wp\/v2\/pages"}],"about":[{"href":"https:\/\/grape-to-glass.com\/index.php\/wp-json\/wp\/v2\/types\/page"}],"author":[{"embeddable":true,"href":"https:\/\/grape-to-glass.com\/index.php\/wp-json\/wp\/v2\/users\/1"}],"replies":[{"embeddable":true,"href":"https:\/\/grape-to-glass.com\/index.php\/wp-json\/wp\/v2\/comments?post=11929"}],"version-history":[{"count":15,"href":"https:\/\/grape-to-glass.com\/index.php\/wp-json\/wp\/v2\/pages\/11929\/revisions"}],"predecessor-version":[{"id":13305,"href":"https:\/\/grape-to-glass.com\/index.php\/wp-json\/wp\/v2\/pages\/11929\/revisions\/13305"}],"wp:featuredmedia":[{"embeddable":true,"href":"https:\/\/grape-to-glass.com\/index.php\/wp-json\/wp\/v2\/media\/11924"}],"wp:attachment":[{"href":"https:\/\/grape-to-glass.com\/index.php\/wp-json\/wp\/v2\/media?parent=11929"}],"curies":[{"name":"wp","href":"https:\/\/api.w.org\/{rel}","templated":true}]}}