{"id":10008,"date":"2023-12-13T10:55:09","date_gmt":"2023-12-12T21:55:09","guid":{"rendered":"https:\/\/grape-to-glass.com\/?page_id=10008"},"modified":"2024-11-02T16:28:39","modified_gmt":"2024-11-02T03:28:39","slug":"charles-heidsieck-passing-on-the-magic","status":"publish","type":"page","link":"https:\/\/grape-to-glass.com\/index.php\/charles-heidsieck-passing-on-the-magic\/","title":{"rendered":"&#8230;passing on the magic"},"content":{"rendered":"\n\t<h3>Elise Losfelt  &#8211; Charles Heidsieck \u2018chef de cave\u2019:  12 Dec. 2023.<\/h3>\nOn the 1st of March of this year &#8211; Charles Heidsieck proudly announce Elise Losfelt as the new \u2018Cellar Master\u2019 for Charles Heidsieck Champagne taking over from Cyril Brun.  My good friend Cyril was the \u2018chef de cave\u2019 for seven years, and he insightfully built upon the outstanding history of the House and will be remembered as one of the greatest chief winemakers, inscribing several significant pages in the House\u2019s recent story. While ensuring the House has a strong base for growth and reverence around the globe. Charles Heidsieck cuv\u00e9e&#8217;s are as required fine-tuned and enhanced to ensure the House style. Cyril will be remembered well for many achievements, with one that stands out more recently, the successful release and blending of the \u2018new\u2019 Champagne Charlie, an iconic House cuv\u00e9e that had its renaissance in 2022. Yes, I got to share a bottle with Cyril before its official release.<br \/>\nThe handing-over of the baton, has been passed to a highly qualified individual in Elise Losfelt, who graduated from AgroParisTech with a master\u2019s in wine and vine along with a diploma in oenology. Elise has made every moment count in her 36-years of age, devoting herself to Champagne for the past ten years working in various positions at Mo\u00ebt &#038; Chandon. First in wine communications, and then as \u2018Head of Winemaking.\u2019 Elise has worked with cellar masters from Mo\u00ebt &#038; Chandon, Mercier, Ruinart and Dom P\u00e9rignon. Developing her expertise as the guardian of the final quality at each key stage in the Champagne process, from harvest to disgorgement. Plus in her own genes,  Elise continues a family winemaking tradition of six generations that brings with it great pride and passion.<br \/>\nThe nurturing of these wines at Charles Heidsieck will come naturally to Elise, being married with three young children. Elise is the first to honour the history at Charles Heidsieck &#8211; stating: \u201cI have enormous respect for the creativity and rigour of my predecessors and I hope to make a coherent contribution to the continuity of the House style. It is with humility and enthusiasm that I join with these passionate men and women to work together in forging the fate of this iconic House.\u201d Elise Losfelt &#8211; 2023.<br \/>\nThe following three wines are worth sharing with special friends and family this festive, holiday season. If your family forget, I promise your taste-buds will not and they will thank you at every sip. <br \/>\n*(These wines are available at fine wine establishments, and most importantly are ready to sip, savour and share this festive season).\n\t\t\t\t<a href=\"https:\/\/grape-to-glass.com\/wp-content\/uploads\/2023\/12\/Charles-Brut-NV-Bottle-01.jpg\" target=\"_blank\" rel=\"noopener\" itemprop=\"url\">\n\t\t\t\t<img loading=\"lazy\" decoding=\"async\" src=\"https:\/\/grape-to-glass.com\/wp-content\/uploads\/2023\/12\/Charles-Brut-NV-Glass-01.png\" alt=\"Charles-Brut-NV-Glass-01\" itemprop=\"image\" height=\"570\" width=\"273\" title=\"Charles-Brut-NV-Glass-01\"  \/>\n\t\t\t\t<\/a>\n\tCharles Heidsieck Brut R\u00e9serve NV <br \/>\n<strong>Grape Varietals:<\/strong> 40% Pinot Noir, 40% Chardonnay &#038; 20% Pinot Meunier<br \/>\n<strong>Winery &#038; Cellars:<\/strong> Reims &#8211; France<br \/>\n<strong>Chef de Cave:<\/strong> Elise Losfelt  &#8211; *(since March 2023) <br \/>\n5 Stars \u2605\u2605\u2605\u2605\u2605 \nA most generous cuv\u00e9e with a unique 60\/50\/10. 60 refers to the number of crus, a blend of Pinot Noir, Chardonnay and Pinot Meunier which are vinified individually. 50 refers to the incredibly high proportion of reserve wines, which ensures the complexity of their Brut R\u00e9serve. And last but not least the 10 refers to the average age of their reserve wines.<br \/>\n\u2022 Due to the reserve wines, this blend expresses a complex and voluptuous aroma of freshly baked brioche, ripe mango, apricots, a note of dried fruits, almond and walnuts. The textured palate showcases layers of nougat and pastry, filled with grilled peaches. The ageing combined with the reserve wines gives a lush generous character. And infused with ginger, coriander, praline and vanilla that carry through to the lingering finish.\n<p>\u2022 Chill gently &#038; serve between 8\u00b0- 10\u00b0C : 12% Alc. &#8211; Dosage of 9g\/L : Cellar 6 &#8211; 8 years : *NZ$165.00 <\/p>\n\tCharles Heidsieck Ros\u00e9 R\u00e9serve NV <br \/>\n<strong>Grape Varietals:<\/strong> 40% Pinot Noir, 35% Chardonnay &#038; 25% Pinot Meunier<br \/>\n<strong>Winery &#038; Cellars:<\/strong> Reims &#8211; France<br \/>\n<strong>Chef de Cave:<\/strong> Elise Losfelt  &#8211; *(since March 2023) <br \/>\n5 Stars \u2605\u2605\u2605\u2605\u2605 \nThe Ros\u00e9 R\u00e9serve NV is the result of meticulous attention, with 75% of the year\u2019s wine composed of equal components of Pinot Noir, Pinot Meunier and Chardonnay. And the 25% of reserve wine being made up of 50% Pinot Noir and 50% Chardonnay. This cuv\u00e9e was aged for a minimum of 4 years before disgorgement.<br \/>\n\u2022 The nose eloquently reveals aromas of home-made strawberry jam tarts with wild red berries, cherries, ripe blood peaches, and a subtle note of shortbread with a dusting of cinnamon. The generous palate showcasing defined precision, bursting with strawberries, raspberries, cherries, wild flowers and subtle hints of allspice and a bright seam of acidity keeping any of these vibrant characters from falling short of the bright and refreshing finish.\n<p>\u2022 Chill gently &#038; serve between 9\u00b0- 10\u00b0C : 12% Alc. &#8211; Dosage of 8g\/L : Cellar 4 &#8211; 5 years : *NZ$185.00 <\/p>\n\t\t\t\t<a href=\"https:\/\/grape-to-glass.com\/wp-content\/uploads\/2023\/12\/Charles-Rose-NV-Bottle-01.jpg\" target=\"_blank\" rel=\"noopener\" itemprop=\"url\">\n\t\t\t\t<img loading=\"lazy\" decoding=\"async\" src=\"https:\/\/grape-to-glass.com\/wp-content\/uploads\/2023\/12\/Charles-Rose-NV-Glass-01.png\" alt=\"Charles-Rose-NV-Glass-01\" itemprop=\"image\" height=\"570\" width=\"273\" title=\"Charles-Rose-NV-Glass-01\"  \/>\n\t\t\t\t<\/a>\n\t\t\t\t<a href=\"https:\/\/grape-to-glass.com\/wp-content\/uploads\/2023\/12\/Charles-BDB-NV-Bottle-01.jpg\" target=\"_blank\" rel=\"noopener\" itemprop=\"url\">\n\t\t\t\t<img loading=\"lazy\" decoding=\"async\" src=\"https:\/\/grape-to-glass.com\/wp-content\/uploads\/2023\/12\/Charles-BDB-NV-Glass-01.png\" alt=\"Charles-BDB-NV-Glass-01\" itemprop=\"image\" height=\"570\" width=\"273\" title=\"Charles-BDB-NV-Glass-01\"  \/>\n\t\t\t\t<\/a>\n\tCharles Heidsieck Blanc de Blancs NV <br \/>\n<strong>Grape Varietal:<\/strong> 100% Chardonnay<br \/>\n<strong>Winery &#038; Cellars:<\/strong> Reims &#8211; France<br \/>\n<strong>Chef de Cave:<\/strong> Elise Losfelt  &#8211; *(since March 2023) <br \/>\n5 Stars \u2605\u2605\u2605\u2605\u2605 \nComposed of 70% Chardonnay from a single vintage and 30% reserve wines with an average age of 5 years, with some over 10 years. Crafted primarily from crus in C\u00f4te des Blancs (Oger &#038; Vertus) &#8211; and then complemented by crus in Villers-Marmery, Tr\u00e9pail, Vaudemange, and Montgueux. This cuv\u00e9e was then aged for more nearly 5 years on lees.<br \/>\n\u2022 Inviting aromas of white peaches and tangerine tones, honeysuckle and fresh hazelnuts, followed by lifted citrus notes. Once on your palate your taste-buds are awash with a symphony\u2019s chorus: the engagement on all your senses is focused and forthright, unconventionally debonaire for a Blanc de Blancs. Fresh, pure and elegantly textural with well-balanced peach, apple, grapefruit flavours, along with a harmonious crescendo finish.\n<p>\u2022 Chill gently &#038; serve between 8\u00b0- 10\u00b0C : 12% Alc. &#8211; Dosage of 8g\/L : Cellar 5 &#8211; 6 years : *NZ$180.00 <\/p>\n\t\t\t\t<img loading=\"lazy\" decoding=\"async\" src=\"https:\/\/grape-to-glass.com\/wp-content\/uploads\/2023\/12\/Elise-Losfelt-Bottom-Banner-01.jpg\" alt=\"Elise-Losfelt-Bottom-Banner-01\" itemprop=\"image\" height=\"625\" width=\"1800\" title=\"Elise-Losfelt-Bottom-Banner-01\"  \/>\n\tThese iconic wines are available in Fine Wine Retailers \u2022 Restaurants \u2022 Luxury Hotels \u2022 Distributor Websites.<br \/> *(Charles Heidsieck Champagne availability &#038; pricing will vary by outlet &#038; country)\n<p> <\/p>\n\t<h3><center> 35 YEARS EXPERIENCE \u2022 WINE &#038; STEMWARE EXPERT <\/h3>\n","protected":false},"excerpt":{"rendered":"","protected":false},"author":1,"featured_media":10000,"parent":0,"menu_order":0,"comment_status":"closed","ping_status":"closed","template":"","meta":{"footnotes":""},"class_list":["post-10008","page","type-page","status-publish","has-post-thumbnail","hentry","entry"],"_links":{"self":[{"href":"https:\/\/grape-to-glass.com\/index.php\/wp-json\/wp\/v2\/pages\/10008","targetHints":{"allow":["GET"]}}],"collection":[{"href":"https:\/\/grape-to-glass.com\/index.php\/wp-json\/wp\/v2\/pages"}],"about":[{"href":"https:\/\/grape-to-glass.com\/index.php\/wp-json\/wp\/v2\/types\/page"}],"author":[{"embeddable":true,"href":"https:\/\/grape-to-glass.com\/index.php\/wp-json\/wp\/v2\/users\/1"}],"replies":[{"embeddable":true,"href":"https:\/\/grape-to-glass.com\/index.php\/wp-json\/wp\/v2\/comments?post=10008"}],"version-history":[{"count":15,"href":"https:\/\/grape-to-glass.com\/index.php\/wp-json\/wp\/v2\/pages\/10008\/revisions"}],"predecessor-version":[{"id":11561,"href":"https:\/\/grape-to-glass.com\/index.php\/wp-json\/wp\/v2\/pages\/10008\/revisions\/11561"}],"wp:featuredmedia":[{"embeddable":true,"href":"https:\/\/grape-to-glass.com\/index.php\/wp-json\/wp\/v2\/media\/10000"}],"wp:attachment":[{"href":"https:\/\/grape-to-glass.com\/index.php\/wp-json\/wp\/v2\/media?parent=10008"}],"curies":[{"name":"wp","href":"https:\/\/api.w.org\/{rel}","templated":true}]}}